{"id":5254,"date":"2025-02-27T13:06:06","date_gmt":"2025-02-27T21:06:06","guid":{"rendered":"https:\/\/eliasik-law.com\/mapa-del-sitio\/"},"modified":"2026-05-07T10:28:44","modified_gmt":"2026-05-07T17:28:44","slug":"mapa-del-sitio","status":"publish","type":"page","link":"https:\/\/eliasik-law.com\/es\/mapa-del-sitio\/","title":{"rendered":"Mapa del sitio"},"content":{"rendered":"\t\t<div data-elementor-type=\"wp-page\" data-elementor-id=\"5254\" class=\"elementor elementor-5254 elementor-3430\" data-elementor-post-type=\"page\">\n\t\t\t\t<div class=\"elementor-element elementor-element-9af0082 e-flex e-con-boxed e-con e-parent\" data-id=\"9af0082\" data-element_type=\"container\" data-e-type=\"container\">\n\t\t\t\t\t<div class=\"e-con-inner\">\n\t\t<div class=\"elementor-element elementor-element-eae40a4 e-con-full e-flex e-con e-child\" data-id=\"eae40a4\" data-element_type=\"container\" data-e-type=\"container\">\n\t\t<div class=\"elementor-element elementor-element-c1337f6 e-con-full e-flex e-con e-child\" data-id=\"c1337f6\" data-element_type=\"container\" data-e-type=\"container\">\n\t\t\t\t<div class=\"elementor-element elementor-element-e218b15 elementor-widget elementor-widget-heading\" data-id=\"e218b15\" data-element_type=\"widget\" data-e-type=\"widget\" data-widget_type=\"heading.default\">\n\t\t\t\t<div class=\"elementor-widget-container\">\n\t\t\t\t\t<h1 class=\"elementor-heading-title elementor-size-default\">Mapa del sitio<\/h1>\t\t\t\t<\/div>\n\t\t\t\t<\/div>\n\t\t\t\t<\/div>\n\t\t\t\t<\/div>\n\t\t<div class=\"elementor-element elementor-element-485af4e e-con-full JE-postContent e-flex e-con e-child\" data-id=\"485af4e\" data-element_type=\"container\" data-e-type=\"container\" data-settings=\"{&quot;background_background&quot;:&quot;classic&quot;}\">\n\t\t\t\t<div class=\"elementor-element elementor-element-2be4385 elementor-widget elementor-widget-shortcode\" data-id=\"2be4385\" data-element_type=\"widget\" data-e-type=\"widget\" data-widget_type=\"shortcode.default\">\n\t\t\t\t<div class=\"elementor-widget-container\">\n\t\t\t\t\t\t\t<div class=\"elementor-shortcode\">\n<!-- Page-list plugin v.5.9 wordpress.org\/plugins\/page-list\/ -->\n<ul class=\"page-list \">\n<li class=\"page_item page-item-5313\"><a href=\"https:\/\/eliasik-law.com\/es\/enhorabuena\/\">\u00a1Enhorabuena!<\/a><\/li>\n<li class=\"page_item page-item-5432\"><a href=\"https:\/\/eliasik-law.com\/es\/puedo-cambiar-mi-abogado-de-compensacion-laboral\/\">\u00bfPuedo cambiar mi abogado de compensaci\u00f3n laboral?<\/a><\/li>\n<li class=\"page_item page-item-5481\"><a href=\"https:\/\/eliasik-law.com\/es\/abogado-de-accidentes-de-motocicleta\/\">Abogado de accidentes de motocicleta<\/a><\/li>\n<li class=\"page_item page-item-5444\"><a href=\"https:\/\/eliasik-law.com\/es\/abogado-de-lesiones-personales-en-chicago\/\">Abogado de lesiones personales en Chicago<\/a><\/li>\n<li class=\"page_item page-item-5484\"><a href=\"https:\/\/eliasik-law.com\/es\/abogado-de-mordeduras-de-perro\/\">Abogado de mordeduras de perro<\/a><\/li>\n<li class=\"page_item page-item-5323\"><a href=\"https:\/\/eliasik-law.com\/es\/abogado-especializado-en-ulceras-por-presion-en-residencias-de-ancianos\/\">Abogado especializado en \u00falceras por presi\u00f3n en residencias de ancianos<\/a><\/li>\n<li class=\"page_item page-item-5500\"><a href=\"https:\/\/eliasik-law.com\/es\/accidentes-automovilisticos\/\">Accidentes automovil\u00edsticos<\/a><\/li>\n<li class=\"page_item page-item-5477\"><a href=\"https:\/\/eliasik-law.com\/es\/accidentes-de-autobus-y-tren\/\">Accidentes de autob\u00fas y tren<\/a><\/li>\n<li class=\"page_item page-item-5469\"><a href=\"https:\/\/eliasik-law.com\/es\/accidentes-de-bicicleta\/\">Accidentes de bicicleta<\/a><\/li>\n<li class=\"page_item page-item-5493\"><a href=\"https:\/\/eliasik-law.com\/es\/accidentes-de-camiones\/\">Accidentes de camiones<\/a><\/li>\n<li class=\"page_item page-item-5433\"><a href=\"https:\/\/eliasik-law.com\/es\/accidentes-de-construccion\/\">Accidentes de construcci\u00f3n<\/a><\/li>\n<li class=\"page_item page-item-5496\"><a href=\"https:\/\/eliasik-law.com\/es\/accidentes-de-peatones\/\">Accidentes de peatones<\/a><\/li>\n<li class=\"page_item page-item-5521\"><a href=\"https:\/\/eliasik-law.com\/es\/accidentes-en-propiedad-publica\/\">Accidentes en propiedad p\u00fablica<\/a><\/li>\n<li class=\"page_item page-item-5442\"><a href=\"https:\/\/eliasik-law.com\/es\/accidentes-mortales\/\">Accidentes mortales<\/a><\/li>\n<li class=\"page_item page-item-5468\"><a href=\"https:\/\/eliasik-law.com\/es\/accidentes-que-involucran-a-ninos\/\">Accidentes que involucran a ni\u00f1os<\/a><\/li>\n<li class=\"page_item page-item-5288 page_item_has_children\"><a href=\"https:\/\/eliasik-law.com\/es\/articulos\/\">Art\u00edculos<\/a>\n<ul class='children'>\n\t<li class=\"page_item page-item-5339\"><a href=\"https:\/\/eliasik-law.com\/es\/articulos\/evaluacion-de-los-riesgos-de-beber-y-conducir-en-vacaciones-en-chicago\/\">Evaluaci\u00f3n de los riesgos de beber y conducir en vacaciones en Chicago<\/a><\/li>\n\t<li class=\"page_item page-item-5317\"><a href=\"https:\/\/eliasik-law.com\/es\/articulos\/miles-de-heridos-o-muertos-en-accidentes-de-motocicleta-en-illinois-cada-ano\/\">Miles de heridos o muertos en accidentes de motocicleta en Illinois cada a\u00f1o<\/a><\/li>\n\t<li class=\"page_item page-item-5329\"><a href=\"https:\/\/eliasik-law.com\/es\/articulos\/peatones-de-chicago-en-riesgo-de-resultar-heridos-en-accidentes-de-trafico\/\">Peatones de Chicago en riesgo de resultar heridos en accidentes de tr\u00e1fico<\/a><\/li>\n<\/ul>\n<\/li>\n<li class=\"page_item page-item-5328\"><a href=\"https:\/\/eliasik-law.com\/es\/aviso-de-copyright\/\">Aviso de copyright<\/a><\/li>\n<li class=\"page_item page-item-5266\"><a href=\"https:\/\/eliasik-law.com\/es\/blog\/\">Blog<\/a><\/li>\n<li class=\"page_item page-item-5445\"><a href=\"https:\/\/eliasik-law.com\/es\/compensacion-laboral\/\">Compensaci\u00f3n laboral<\/a><\/li>\n<li class=\"page_item page-item-5325\"><a href=\"https:\/\/eliasik-law.com\/es\/consulta\/\">Consulta<\/a><\/li>\n<li class=\"page_item page-item-5279\"><a href=\"https:\/\/eliasik-law.com\/es\/contacto\/\">Contacto<\/a><\/li>\n<li class=\"page_item page-item-5263\"><a href=\"https:\/\/eliasik-law.com\/es\/correo-electronico\/\">Correo electr\u00f3nico<\/a><\/li>\n<li class=\"page_item page-item-5331\"><a href=\"https:\/\/eliasik-law.com\/es\/descargo-de-responsabilidad\/\">Descargo de responsabilidad<\/a><\/li>\n<li class=\"page_item page-item-5434\"><a href=\"https:\/\/eliasik-law.com\/es\/esguinces-y-distensiones\/\">Esguinces y distensiones<\/a><\/li>\n<li class=\"page_item page-item-5405\"><a href=\"https:\/\/eliasik-law.com\/es\/gracias\/\">Gracias<\/a><\/li>\n<li class=\"page_item page-item-5268 page_item_has_children\"><a href=\"https:\/\/eliasik-law.com\/es\/hablamos-espanol\/\">Hablamos espa\u00f1ol<\/a>\n<ul class='children'>\n\t<li class=\"page_item page-item-5334\"><a href=\"https:\/\/eliasik-law.com\/es\/hablamos-espanol\/abogado-de-lesiones-personales-en-chicago\/\">Abogado de lesiones personales en Chicago<\/a><\/li>\n\t<li class=\"page_item page-item-5336\"><a href=\"https:\/\/eliasik-law.com\/es\/hablamos-espanol\/abogados-especializados-en-casos-de-indemnizacion-laboral\/\">Abogados especializados en casos de indemnizaci\u00f3n laboral<\/a><\/li>\n<\/ul>\n<\/li>\n<li class=\"page_item page-item-5459\"><a href=\"https:\/\/eliasik-law.com\/es\/lesiones-cerebrales-traumaticas\/\">Lesiones cerebrales traum\u00e1ticas<\/a><\/li>\n<li class=\"page_item page-item-5435\"><a href=\"https:\/\/eliasik-law.com\/es\/lesiones-de-hombro\/\">Lesiones de hombro<\/a><\/li>\n<li class=\"page_item page-item-5426\"><a href=\"https:\/\/eliasik-law.com\/es\/lesiones-en-la-espalda-baja\/\">Lesiones en la espalda baja<\/a><\/li>\n<li class=\"page_item page-item-5254\"><a href=\"https:\/\/eliasik-law.com\/es\/mapa-del-sitio\/\">Mapa del sitio<\/a><\/li>\n<li class=\"page_item page-item-5428\"><a href=\"https:\/\/eliasik-law.com\/es\/mordeduras-de-perro-que-involucran-a-ninos\/\">Mordeduras de perro que involucran a ni\u00f1os<\/a><\/li>\n<li class=\"page_item page-item-5315 page_item_has_children\"><a href=\"https:\/\/eliasik-law.com\/es\/nuestro-bufete\/\">Nuestro bufete<\/a>\n<ul class='children'>\n\t<li class=\"page_item page-item-5309\"><a href=\"https:\/\/eliasik-law.com\/es\/nuestro-bufete\/brian-c-hercule\/\">Brian c. Hercule<\/a><\/li>\n\t<li class=\"page_item page-item-5375\"><a href=\"https:\/\/eliasik-law.com\/es\/nuestro-bufete\/john-s-eliasik\/\">John S. Eliasik<\/a><\/li>\n<\/ul>\n<\/li>\n<li class=\"page_item page-item-5321\"><a href=\"https:\/\/eliasik-law.com\/es\/oficina-de-lesiones-personales-en-chicago\/\">Oficina de lesiones personales en Chicago<\/a><\/li>\n<li class=\"page_item page-item-5464\"><a href=\"https:\/\/eliasik-law.com\/es\/\">P\u00e1gina principal<\/a><\/li>\n<li class=\"page_item page-item-5353\"><a href=\"https:\/\/eliasik-law.com\/es\/politica-de-privacidad\/\">Pol\u00edtica de privacidad<\/a><\/li>\n<li class=\"page_item page-item-5277\"><a href=\"https:\/\/eliasik-law.com\/es\/prestaciones-de-compensacion-laboral-por-exposicion-a-la-covid-19\/\">Prestaciones de compensaci\u00f3n laboral por exposici\u00f3n a la COVID-19<\/a><\/li>\n<li class=\"page_item page-item-5501\"><a href=\"https:\/\/eliasik-law.com\/es\/que-hacer-despues-de-un-accidente-automovilistico\/\">Qu\u00e9 hacer despu\u00e9s de un accidente automovil\u00edstico<\/a><\/li>\n<li class=\"page_item page-item-5359\"><a href=\"https:\/\/eliasik-law.com\/es\/reclamaciones-de-terceros\/\">Reclamaciones de terceros<\/a><\/li>\n<li class=\"page_item page-item-5437\"><a href=\"https:\/\/eliasik-law.com\/es\/reclamaciones-denegadas-y-terminadas\/\">Reclamaciones denegadas y terminadas<\/a><\/li>\n<li class=\"page_item page-item-5460\"><a href=\"https:\/\/eliasik-law.com\/es\/reclamaciones-por-conductores-con-seguro-insuficiente\/\">Reclamaciones por conductores con seguro insuficiente<\/a><\/li>\n<li class=\"page_item page-item-5452\"><a href=\"https:\/\/eliasik-law.com\/es\/resbalones-y-caidas\/\">Resbalones y ca\u00eddas<\/a><\/li>\n<li class=\"page_item page-item-5443\"><a href=\"https:\/\/eliasik-law.com\/es\/responsabilidad-de-las-instalaciones\/\">Responsabilidad de las instalaciones<\/a><\/li>\n<li class=\"page_item page-item-5319\"><a href=\"https:\/\/eliasik-law.com\/es\/resultados-de-casos\/\">Resultados de casos<\/a><\/li>\n<li class=\"page_item page-item-5347\"><a href=\"https:\/\/eliasik-law.com\/es\/tipos-de-indemnizacion-por-lesiones-personales\/\">Tipos de indemnizaci\u00f3n por lesiones personales<\/a><\/li>\n<li class=\"page_item page-item-5427\"><a href=\"https:\/\/eliasik-law.com\/es\/trauma-repetitivo\/\">Trauma repetitivo<\/a><\/li>\n\n<\/ul><\/div>\n\t\t\t\t\t\t<\/div>\n\t\t\t\t<\/div>\n\t\t\t\t<\/div>\n\t\t\t\t\t<\/div>\n\t\t\t\t<\/div>\n\t\t\t\t<\/div>\n\t\t","protected":false},"excerpt":{"rendered":"<p>Mapa del sitio<\/p>\n","protected":false},"author":2,"featured_media":0,"parent":0,"menu_order":0,"comment_status":"closed","ping_status":"closed","template":"elementor_header_footer","meta":{"footnotes":""},"class_list":["post-5254","page","type-page","status-publish","hentry"],"yoast_head":"<!-- This site is optimized with the Yoast SEO plugin v27.5 - https:\/\/yoast.com\/product\/yoast-seo-wordpress\/ -->\n<title>-<\/title>\n<meta name=\"robots\" content=\"index, follow, max-snippet:-1, max-image-preview:large, max-video-preview:-1\" \/>\n<link rel=\"canonical\" href=\"https:\/\/eliasik-law.com\/es\/mapa-del-sitio\/\" \/>\n<meta property=\"og:locale\" content=\"es_ES\" \/>\n<meta property=\"og:type\" content=\"article\" \/>\n<meta property=\"og:title\" content=\"-\" \/>\n<meta property=\"og:description\" content=\"Mapa del sitio\" \/>\n<meta property=\"og:url\" content=\"https:\/\/eliasik-law.com\/es\/mapa-del-sitio\/\" \/>\n<meta property=\"og:site_name\" content=\"Ley de Eliasik\" \/>\n<meta property=\"article:modified_time\" content=\"2026-05-07T17:28:44+00:00\" \/>\n<meta name=\"twitter:label1\" content=\"Tiempo de lectura\" \/>\n\t<meta name=\"twitter:data1\" content=\"1 minuto\" \/>\n<script type=\"application\/ld+json\" class=\"yoast-schema-graph\">{\"@context\":\"https:\\\/\\\/schema.org\",\"@graph\":[{\"@type\":\"WebPage\",\"@id\":\"https:\\\/\\\/eliasik-law.com\\\/es\\\/mapa-del-sitio\\\/\",\"url\":\"https:\\\/\\\/eliasik-law.com\\\/es\\\/mapa-del-sitio\\\/\",\"name\":\"-\",\"isPartOf\":{\"@id\":\"https:\\\/\\\/eliasik-law.com\\\/es\\\/#website\"},\"datePublished\":\"2025-02-27T21:06:06+00:00\",\"dateModified\":\"2026-05-07T17:28:44+00:00\",\"inLanguage\":\"es\",\"potentialAction\":[{\"@type\":\"ReadAction\",\"target\":[\"https:\\\/\\\/eliasik-law.com\\\/es\\\/mapa-del-sitio\\\/\"]}]},{\"@type\":\"WebSite\",\"@id\":\"https:\\\/\\\/eliasik-law.com\\\/es\\\/#website\",\"url\":\"https:\\\/\\\/eliasik-law.com\\\/es\\\/\",\"name\":\"Ley de Eliasik\",\"description\":\"Abogados de lesiones personales en Chicago\",\"publisher\":{\"@id\":\"https:\\\/\\\/eliasik-law.com\\\/es\\\/#organization\"},\"potentialAction\":[{\"@type\":\"SearchAction\",\"target\":{\"@type\":\"EntryPoint\",\"urlTemplate\":\"https:\\\/\\\/eliasik-law.com\\\/es\\\/?s={search_term_string}\"},\"query-input\":{\"@type\":\"PropertyValueSpecification\",\"valueRequired\":true,\"valueName\":\"search_term_string\"}}],\"inLanguage\":\"es\"},{\"@type\":\"Organization\",\"@id\":\"https:\\\/\\\/eliasik-law.com\\\/es\\\/#organization\",\"name\":\"Las Oficinas Legales de John S. Eliasik\",\"url\":\"https:\\\/\\\/eliasik-law.com\\\/es\\\/\",\"logo\":{\"@type\":\"ImageObject\",\"inLanguage\":\"es\",\"@id\":\"https:\\\/\\\/eliasik-law.com\\\/es\\\/#\\\/schema\\\/logo\\\/image\\\/\",\"url\":\"https:\\\/\\\/eliasik-law.com\\\/wp-content\\\/uploads\\\/2023\\\/07\\\/eliasik-law-logo-2-e1679440521344-min.gif\",\"contentUrl\":\"https:\\\/\\\/eliasik-law.com\\\/wp-content\\\/uploads\\\/2023\\\/07\\\/eliasik-law-logo-2-e1679440521344-min.gif\",\"width\":550,\"height\":102,\"caption\":\"Las Oficinas Legales de John S. Eliasik\"},\"image\":{\"@id\":\"https:\\\/\\\/eliasik-law.com\\\/es\\\/#\\\/schema\\\/logo\\\/image\\\/\"}}]}<\/script>\n<!-- \/ Yoast SEO plugin. -->","yoast_head_json":{"title":"-","robots":{"index":"index","follow":"follow","max-snippet":"max-snippet:-1","max-image-preview":"max-image-preview:large","max-video-preview":"max-video-preview:-1"},"canonical":"https:\/\/eliasik-law.com\/es\/mapa-del-sitio\/","og_locale":"es_ES","og_type":"article","og_title":"-","og_description":"Mapa del sitio","og_url":"https:\/\/eliasik-law.com\/es\/mapa-del-sitio\/","og_site_name":"Ley de Eliasik","article_modified_time":"2026-05-07T17:28:44+00:00","twitter_misc":{"Tiempo de lectura":"1 minuto"},"schema":{"@context":"https:\/\/schema.org","@graph":[{"@type":"WebPage","@id":"https:\/\/eliasik-law.com\/es\/mapa-del-sitio\/","url":"https:\/\/eliasik-law.com\/es\/mapa-del-sitio\/","name":"-","isPartOf":{"@id":"https:\/\/eliasik-law.com\/es\/#website"},"datePublished":"2025-02-27T21:06:06+00:00","dateModified":"2026-05-07T17:28:44+00:00","inLanguage":"es","potentialAction":[{"@type":"ReadAction","target":["https:\/\/eliasik-law.com\/es\/mapa-del-sitio\/"]}]},{"@type":"WebSite","@id":"https:\/\/eliasik-law.com\/es\/#website","url":"https:\/\/eliasik-law.com\/es\/","name":"Ley de Eliasik","description":"Abogados de lesiones personales en Chicago","publisher":{"@id":"https:\/\/eliasik-law.com\/es\/#organization"},"potentialAction":[{"@type":"SearchAction","target":{"@type":"EntryPoint","urlTemplate":"https:\/\/eliasik-law.com\/es\/?s={search_term_string}"},"query-input":{"@type":"PropertyValueSpecification","valueRequired":true,"valueName":"search_term_string"}}],"inLanguage":"es"},{"@type":"Organization","@id":"https:\/\/eliasik-law.com\/es\/#organization","name":"Las Oficinas Legales de John S. Eliasik","url":"https:\/\/eliasik-law.com\/es\/","logo":{"@type":"ImageObject","inLanguage":"es","@id":"https:\/\/eliasik-law.com\/es\/#\/schema\/logo\/image\/","url":"https:\/\/eliasik-law.com\/wp-content\/uploads\/2023\/07\/eliasik-law-logo-2-e1679440521344-min.gif","contentUrl":"https:\/\/eliasik-law.com\/wp-content\/uploads\/2023\/07\/eliasik-law-logo-2-e1679440521344-min.gif","width":550,"height":102,"caption":"Las Oficinas Legales de John S. Eliasik"},"image":{"@id":"https:\/\/eliasik-law.com\/es\/#\/schema\/logo\/image\/"}}]}},"_links":{"self":[{"href":"https:\/\/eliasik-law.com\/es\/wp-json\/wp\/v2\/pages\/5254","targetHints":{"allow":["GET"]}}],"collection":[{"href":"https:\/\/eliasik-law.com\/es\/wp-json\/wp\/v2\/pages"}],"about":[{"href":"https:\/\/eliasik-law.com\/es\/wp-json\/wp\/v2\/types\/page"}],"author":[{"embeddable":true,"href":"https:\/\/eliasik-law.com\/es\/wp-json\/wp\/v2\/users\/2"}],"replies":[{"embeddable":true,"href":"https:\/\/eliasik-law.com\/es\/wp-json\/wp\/v2\/comments?post=5254"}],"version-history":[{"count":4,"href":"https:\/\/eliasik-law.com\/es\/wp-json\/wp\/v2\/pages\/5254\/revisions"}],"predecessor-version":[{"id":5817,"href":"https:\/\/eliasik-law.com\/es\/wp-json\/wp\/v2\/pages\/5254\/revisions\/5817"}],"wp:attachment":[{"href":"https:\/\/eliasik-law.com\/es\/wp-json\/wp\/v2\/media?parent=5254"}],"curies":[{"name":"wp","href":"https:\/\/api.w.org\/{rel}","templated":true}]}}