{"id":5279,"date":"2025-02-28T05:03:47","date_gmt":"2025-02-28T13:03:47","guid":{"rendered":"https:\/\/eliasik-law.com\/contacto\/"},"modified":"2025-08-26T02:30:49","modified_gmt":"2025-08-26T09:30:49","slug":"contacto","status":"publish","type":"page","link":"https:\/\/eliasik-law.com\/es\/contacto\/","title":{"rendered":"Contacto"},"content":{"rendered":"\t\t<div data-elementor-type=\"wp-page\" data-elementor-id=\"5279\" class=\"elementor elementor-5279 elementor-3751\" data-elementor-post-type=\"page\">\n\t\t\t\t<div class=\"elementor-element elementor-element-9af0082 e-flex e-con-boxed e-con e-parent\" data-id=\"9af0082\" data-element_type=\"container\" data-e-type=\"container\">\n\t\t\t\t\t<div class=\"e-con-inner\">\n\t\t<div class=\"elementor-element elementor-element-eae40a4 e-con-full e-flex e-con e-child\" data-id=\"eae40a4\" data-element_type=\"container\" data-e-type=\"container\">\n\t\t<div class=\"elementor-element elementor-element-c1337f6 e-con-full e-flex e-con e-child\" data-id=\"c1337f6\" data-element_type=\"container\" data-e-type=\"container\">\n\t\t\t\t<div class=\"elementor-element elementor-element-e218b15 elementor-widget elementor-widget-heading\" data-id=\"e218b15\" data-element_type=\"widget\" data-e-type=\"widget\" data-widget_type=\"heading.default\">\n\t\t\t\t<div class=\"elementor-widget-container\">\n\t\t\t\t\t<h1 class=\"elementor-heading-title elementor-size-default\">Contacto<\/h1>\t\t\t\t<\/div>\n\t\t\t\t<\/div>\n\t\t\t\t<\/div>\n\t\t\t\t<\/div>\n\t\t<div class=\"elementor-element elementor-element-485af4e e-con-full JE-postContent e-flex e-con e-child\" data-id=\"485af4e\" data-element_type=\"container\" data-e-type=\"container\" data-settings=\"{&quot;background_background&quot;:&quot;classic&quot;}\">\n\t\t\t\t<div class=\"elementor-element elementor-element-2370c75 elementor-widget elementor-widget-heading\" data-id=\"2370c75\" data-element_type=\"widget\" data-e-type=\"widget\" data-widget_type=\"heading.default\">\n\t\t\t\t<div class=\"elementor-widget-container\">\n\t\t\t\t\t<h2 class=\"elementor-heading-title elementor-size-default\">Hable ahora con un abogado sobre su caso | hablamos espa\u00f1ol<\/h2>\t\t\t\t<\/div>\n\t\t\t\t<\/div>\n\t\t\t\t<div class=\"elementor-element elementor-element-a927441 elementor-widget elementor-widget-text-editor\" data-id=\"a927441\" data-element_type=\"widget\" data-e-type=\"widget\" data-widget_type=\"text-editor.default\">\n\t\t\t\t<div class=\"elementor-widget-container\">\n\t\t\t\t\t\t\t\t\t<p>Obtener una indemnizaci\u00f3n por sus lesiones o las de un ser querido puede ser un proceso largo. Si bien un abogado cualificado puede acortar el tiempo que tiene que esperar, le recomendamos que hable con el experimentado abogado de Illinois, John S. Eliasik, tan pronto como est\u00e9 listo para hablar sobre las lesiones de su accidente. De esta manera, podemos comenzar a trabajar de inmediato en su caso y ayudarle durante este momento estresante.  <\/p><p>Ofrecemos una evaluaci\u00f3n gratuita del caso y aceptamos casos de lesiones personales y de indemnizaci\u00f3n laboral sobre la base de honorarios de contingencia. <strong>Esto significa que solo nos pagar\u00e1 los honorarios del abogado si recuperamos con \u00e9xito una compensaci\u00f3n para usted.<\/strong> Nos reunimos con frecuencia con los clientes en nuestras oficinas de Chicago Loop, pero siempre estamos dispuestos a desplazarnos hasta nuestros clientes si no pueden venir a nosotros.<\/p><p>Concierte una cita para hablar HOY MISMO con el abogado John S. Eliasik. Llame a nuestra oficina o env\u00edenos un correo electr\u00f3nico. Disponemos de aparcamiento con descuento en nuestras oficinas. <\/p>\t\t\t\t\t\t\t\t<\/div>\n\t\t\t\t<\/div>\n\t\t\t\t<\/div>\n\t\t<div class=\"elementor-element elementor-element-26bf7ab e-con-full e-flex e-con e-child\" data-id=\"26bf7ab\" data-element_type=\"container\" data-e-type=\"container\" data-settings=\"{&quot;background_background&quot;:&quot;classic&quot;}\">\n\t\t<div class=\"elementor-element elementor-element-a9e28e4 e-con-full e-flex e-con e-child\" data-id=\"a9e28e4\" data-element_type=\"container\" data-e-type=\"container\">\n\t\t\t\t<div class=\"elementor-element elementor-element-bae370b elementor-widget elementor-widget-heading\" data-id=\"bae370b\" data-element_type=\"widget\" data-e-type=\"widget\" data-widget_type=\"heading.default\">\n\t\t\t\t<div class=\"elementor-widget-container\">\n\t\t\t\t\t<h2 class=\"elementor-heading-title elementor-size-default\">El bufete de abogados de John S. Eliasik<\/h2>\t\t\t\t<\/div>\n\t\t\t\t<\/div>\n\t\t\t\t<div class=\"elementor-element elementor-element-8f94161 JE-innerPage-text elementor-widget elementor-widget-text-editor\" data-id=\"8f94161\" data-element_type=\"widget\" data-e-type=\"widget\" data-widget_type=\"text-editor.default\">\n\t\t\t\t<div class=\"elementor-widget-container\">\n\t\t\t\t\t\t\t\t\t<p>230 West Monroe Street,<br>Suite 325, Chicago, IL 60606<br>Tel\u00e9fono: <a href=\"tel:8668453051\">866-845-3051<\/a><br>L\u00ednea gratuita: <a href=\"tel:3124898146\">800-582-2119<\/a><br>Fax: 866-411-3877<br><a href=\"https:\/\/goo.gl\/maps\/UQzjosDNyqdxx2176\" target=\"_blank\" rel=\"noopener\">Mapa e indicaciones<\/a><\/p>\t\t\t\t\t\t\t\t<\/div>\n\t\t\t\t<\/div>\n\t\t\t\t<\/div>\n\t\t<div class=\"elementor-element elementor-element-0a245ae e-con-full e-flex e-con e-child\" data-id=\"0a245ae\" data-element_type=\"container\" data-e-type=\"container\">\n\t\t\t\t<div class=\"elementor-element elementor-element-c573a72 elementor-widget elementor-widget-heading\" data-id=\"c573a72\" data-element_type=\"widget\" data-e-type=\"widget\" data-widget_type=\"heading.default\">\n\t\t\t\t<div class=\"elementor-widget-container\">\n\t\t\t\t\t<h2 class=\"elementor-heading-title elementor-size-default\">P\u00f3ngase en contacto conmigo\n<\/h2>\t\t\t\t<\/div>\n\t\t\t\t<\/div>\n\t\t\t\t<div class=\"elementor-element elementor-element-d99c273 elementor-widget elementor-widget-html\" data-id=\"d99c273\" data-element_type=\"widget\" data-e-type=\"widget\" data-widget_type=\"html.default\">\n\t\t\t\t<div class=\"elementor-widget-container\">\n\t\t\t\t\t<!-- Start Lawmatics Embedded Snippet -->\n<script id=\"lm-embedded-script\">\n!function(e,t,n,a,s,c,i){if(!e[s]){i=e[s]=function(){i.process?i.process.apply(i,arguments):i.queue.push(arguments)},i.queue=[],i.t=1*new Date;var o=t.createElement(n);o.async=1,o.src=a+\"?t=\"+Math.ceil(new Date\/c)*c;var r=t.getElementsByTagName(n)[0];r.parentNode.insertBefore(o,r)}}(window,document,\"script\",\"https:\/\/navi.lawmatics.com\/intake.min.js\",\"lm_intake\",864e5),lm_intake(\"eb8b7345-8c94-403f-a8c8-19c49ebcd0f8\", \"lm-embedded-script\", {});\n<\/script>\n<!-- End Lawmatics Embedded Snippet -->\t\t\t\t<\/div>\n\t\t\t\t<\/div>\n\t\t\t\t<\/div>\n\t\t\t\t<\/div>\n\t\t\t\t\t<\/div>\n\t\t\t\t<\/div>\n\t\t\t\t<\/div>\n\t\t","protected":false},"excerpt":{"rendered":"<p>Contacto Hable ahora con un abogado sobre su caso | hablamos espa\u00f1ol Obtener una indemnizaci\u00f3n por sus lesiones o las de un ser querido puede ser un proceso largo. Si bien un abogado cualificado puede acortar el tiempo que tiene que esperar, le recomendamos que hable con el experimentado abogado de Illinois, John S. Eliasik, [&hellip;]<\/p>\n","protected":false},"author":2,"featured_media":0,"parent":0,"menu_order":0,"comment_status":"closed","ping_status":"closed","template":"elementor_header_footer","meta":{"footnotes":""},"class_list":["post-5279","page","type-page","status-publish","hentry"],"yoast_head":"<!-- This site is optimized with the Yoast SEO plugin v27.5 - https:\/\/yoast.com\/product\/yoast-seo-wordpress\/ -->\n<title>P\u00f3ngase en contacto con el bufete de abogados de John S. Eliasik | Chicago, Illinois<\/title>\n<meta name=\"description\" content=\"\u00bfAccidente o lesi\u00f3n? Abogados John S. Eliasik le ayudan. \u00a1LLAME!\" \/>\n<meta name=\"robots\" content=\"index, follow, max-snippet:-1, max-image-preview:large, max-video-preview:-1\" \/>\n<link rel=\"canonical\" href=\"https:\/\/eliasik-law.com\/es\/contacto\/\" \/>\n<meta property=\"og:locale\" content=\"es_ES\" \/>\n<meta property=\"og:type\" content=\"article\" \/>\n<meta property=\"og:title\" content=\"P\u00f3ngase en contacto con el bufete de abogados de John S. Eliasik | Chicago, Illinois\" \/>\n<meta property=\"og:description\" content=\"\u00bfAccidente o lesi\u00f3n? Abogados John S. Eliasik le ayudan. \u00a1LLAME!\" \/>\n<meta property=\"og:url\" content=\"https:\/\/eliasik-law.com\/es\/contacto\/\" \/>\n<meta property=\"og:site_name\" content=\"Ley de Eliasik\" \/>\n<meta property=\"article:modified_time\" content=\"2025-08-26T09:30:49+00:00\" \/>\n<meta name=\"twitter:label1\" content=\"Tiempo de lectura\" \/>\n\t<meta name=\"twitter:data1\" content=\"1 minuto\" \/>\n<script type=\"application\/ld+json\" class=\"yoast-schema-graph\">{\"@context\":\"https:\\\/\\\/schema.org\",\"@graph\":[{\"@type\":\"WebPage\",\"@id\":\"https:\\\/\\\/eliasik-law.com\\\/es\\\/contacto\\\/\",\"url\":\"https:\\\/\\\/eliasik-law.com\\\/es\\\/contacto\\\/\",\"name\":\"P\u00f3ngase en contacto con el bufete de abogados de John S. Eliasik | Chicago, Illinois\",\"isPartOf\":{\"@id\":\"https:\\\/\\\/eliasik-law.com\\\/es\\\/#website\"},\"datePublished\":\"2025-02-28T13:03:47+00:00\",\"dateModified\":\"2025-08-26T09:30:49+00:00\",\"description\":\"\u00bfAccidente o lesi\u00f3n? Abogados John S. Eliasik le ayudan. \u00a1LLAME!\",\"inLanguage\":\"es\",\"potentialAction\":[{\"@type\":\"ReadAction\",\"target\":[\"https:\\\/\\\/eliasik-law.com\\\/es\\\/contacto\\\/\"]}]},{\"@type\":\"WebSite\",\"@id\":\"https:\\\/\\\/eliasik-law.com\\\/es\\\/#website\",\"url\":\"https:\\\/\\\/eliasik-law.com\\\/es\\\/\",\"name\":\"Ley de Eliasik\",\"description\":\"Abogados de lesiones personales en Chicago\",\"publisher\":{\"@id\":\"https:\\\/\\\/eliasik-law.com\\\/es\\\/#organization\"},\"potentialAction\":[{\"@type\":\"SearchAction\",\"target\":{\"@type\":\"EntryPoint\",\"urlTemplate\":\"https:\\\/\\\/eliasik-law.com\\\/es\\\/?s={search_term_string}\"},\"query-input\":{\"@type\":\"PropertyValueSpecification\",\"valueRequired\":true,\"valueName\":\"search_term_string\"}}],\"inLanguage\":\"es\"},{\"@type\":\"Organization\",\"@id\":\"https:\\\/\\\/eliasik-law.com\\\/es\\\/#organization\",\"name\":\"Las Oficinas Legales de John S. Eliasik\",\"url\":\"https:\\\/\\\/eliasik-law.com\\\/es\\\/\",\"logo\":{\"@type\":\"ImageObject\",\"inLanguage\":\"es\",\"@id\":\"https:\\\/\\\/eliasik-law.com\\\/es\\\/#\\\/schema\\\/logo\\\/image\\\/\",\"url\":\"https:\\\/\\\/eliasik-law.com\\\/wp-content\\\/uploads\\\/2023\\\/07\\\/eliasik-law-logo-2-e1679440521344-min.gif\",\"contentUrl\":\"https:\\\/\\\/eliasik-law.com\\\/wp-content\\\/uploads\\\/2023\\\/07\\\/eliasik-law-logo-2-e1679440521344-min.gif\",\"width\":550,\"height\":102,\"caption\":\"Las Oficinas Legales de John S. Eliasik\"},\"image\":{\"@id\":\"https:\\\/\\\/eliasik-law.com\\\/es\\\/#\\\/schema\\\/logo\\\/image\\\/\"}}]}<\/script>\n<!-- \/ Yoast SEO plugin. -->","yoast_head_json":{"title":"P\u00f3ngase en contacto con el bufete de abogados de John S. Eliasik | Chicago, Illinois","description":"\u00bfAccidente o lesi\u00f3n? Abogados John S. Eliasik le ayudan. \u00a1LLAME!","robots":{"index":"index","follow":"follow","max-snippet":"max-snippet:-1","max-image-preview":"max-image-preview:large","max-video-preview":"max-video-preview:-1"},"canonical":"https:\/\/eliasik-law.com\/es\/contacto\/","og_locale":"es_ES","og_type":"article","og_title":"P\u00f3ngase en contacto con el bufete de abogados de John S. Eliasik | Chicago, Illinois","og_description":"\u00bfAccidente o lesi\u00f3n? Abogados John S. Eliasik le ayudan. \u00a1LLAME!","og_url":"https:\/\/eliasik-law.com\/es\/contacto\/","og_site_name":"Ley de Eliasik","article_modified_time":"2025-08-26T09:30:49+00:00","twitter_misc":{"Tiempo de lectura":"1 minuto"},"schema":{"@context":"https:\/\/schema.org","@graph":[{"@type":"WebPage","@id":"https:\/\/eliasik-law.com\/es\/contacto\/","url":"https:\/\/eliasik-law.com\/es\/contacto\/","name":"P\u00f3ngase en contacto con el bufete de abogados de John S. Eliasik | Chicago, Illinois","isPartOf":{"@id":"https:\/\/eliasik-law.com\/es\/#website"},"datePublished":"2025-02-28T13:03:47+00:00","dateModified":"2025-08-26T09:30:49+00:00","description":"\u00bfAccidente o lesi\u00f3n? Abogados John S. Eliasik le ayudan. \u00a1LLAME!","inLanguage":"es","potentialAction":[{"@type":"ReadAction","target":["https:\/\/eliasik-law.com\/es\/contacto\/"]}]},{"@type":"WebSite","@id":"https:\/\/eliasik-law.com\/es\/#website","url":"https:\/\/eliasik-law.com\/es\/","name":"Ley de Eliasik","description":"Abogados de lesiones personales en Chicago","publisher":{"@id":"https:\/\/eliasik-law.com\/es\/#organization"},"potentialAction":[{"@type":"SearchAction","target":{"@type":"EntryPoint","urlTemplate":"https:\/\/eliasik-law.com\/es\/?s={search_term_string}"},"query-input":{"@type":"PropertyValueSpecification","valueRequired":true,"valueName":"search_term_string"}}],"inLanguage":"es"},{"@type":"Organization","@id":"https:\/\/eliasik-law.com\/es\/#organization","name":"Las Oficinas Legales de John S. Eliasik","url":"https:\/\/eliasik-law.com\/es\/","logo":{"@type":"ImageObject","inLanguage":"es","@id":"https:\/\/eliasik-law.com\/es\/#\/schema\/logo\/image\/","url":"https:\/\/eliasik-law.com\/wp-content\/uploads\/2023\/07\/eliasik-law-logo-2-e1679440521344-min.gif","contentUrl":"https:\/\/eliasik-law.com\/wp-content\/uploads\/2023\/07\/eliasik-law-logo-2-e1679440521344-min.gif","width":550,"height":102,"caption":"Las Oficinas Legales de John S. Eliasik"},"image":{"@id":"https:\/\/eliasik-law.com\/es\/#\/schema\/logo\/image\/"}}]}},"_links":{"self":[{"href":"https:\/\/eliasik-law.com\/es\/wp-json\/wp\/v2\/pages\/5279","targetHints":{"allow":["GET"]}}],"collection":[{"href":"https:\/\/eliasik-law.com\/es\/wp-json\/wp\/v2\/pages"}],"about":[{"href":"https:\/\/eliasik-law.com\/es\/wp-json\/wp\/v2\/types\/page"}],"author":[{"embeddable":true,"href":"https:\/\/eliasik-law.com\/es\/wp-json\/wp\/v2\/users\/2"}],"replies":[{"embeddable":true,"href":"https:\/\/eliasik-law.com\/es\/wp-json\/wp\/v2\/comments?post=5279"}],"version-history":[{"count":1,"href":"https:\/\/eliasik-law.com\/es\/wp-json\/wp\/v2\/pages\/5279\/revisions"}],"predecessor-version":[{"id":5280,"href":"https:\/\/eliasik-law.com\/es\/wp-json\/wp\/v2\/pages\/5279\/revisions\/5280"}],"wp:attachment":[{"href":"https:\/\/eliasik-law.com\/es\/wp-json\/wp\/v2\/media?parent=5279"}],"curies":[{"name":"wp","href":"https:\/\/api.w.org\/{rel}","templated":true}]}}