{"id":5288,"date":"2025-02-28T02:49:03","date_gmt":"2025-02-28T10:49:03","guid":{"rendered":"https:\/\/eliasik-law.com\/articulos\/"},"modified":"2025-08-26T02:30:57","modified_gmt":"2025-08-26T09:30:57","slug":"articulos","status":"publish","type":"page","link":"https:\/\/eliasik-law.com\/es\/articulos\/","title":{"rendered":"Art\u00edculos"},"content":{"rendered":"\t\t<div data-elementor-type=\"wp-page\" data-elementor-id=\"5288\" class=\"elementor elementor-5288 elementor-3596\" data-elementor-post-type=\"page\">\n\t\t\t\t<div class=\"elementor-element elementor-element-4da8e34 e-flex e-con-boxed e-con e-parent\" data-id=\"4da8e34\" data-element_type=\"container\" data-e-type=\"container\">\n\t\t\t\t\t<div class=\"e-con-inner\">\n\t\t\t\t<div class=\"elementor-element elementor-element-1e76d36 elementor-widget elementor-widget-heading\" data-id=\"1e76d36\" data-element_type=\"widget\" data-e-type=\"widget\" data-widget_type=\"heading.default\">\n\t\t\t\t<div class=\"elementor-widget-container\">\n\t\t\t\t\t<h2 class=\"elementor-heading-title elementor-size-default\">Art\u00edculos<\/h2>\t\t\t\t<\/div>\n\t\t\t\t<\/div>\n\t\t<div class=\"elementor-element elementor-element-07d1336 e-con-full e-flex e-con e-child\" data-id=\"07d1336\" data-element_type=\"container\" data-e-type=\"container\">\n\t\t<div class=\"elementor-element elementor-element-3768df4 e-con-full JE-accidents-blocks e-flex elementor-invisible e-con e-child\" data-id=\"3768df4\" data-element_type=\"container\" data-e-type=\"container\" data-settings=\"{&quot;background_background&quot;:&quot;classic&quot;,&quot;animation&quot;:&quot;fadeInUp&quot;,&quot;animation_delay&quot;:100}\">\n\t\t\t\t<div class=\"elementor-element elementor-element-85cf3fe elementor-widget elementor-widget-image\" data-id=\"85cf3fe\" data-element_type=\"widget\" data-e-type=\"widget\" data-widget_type=\"image.default\">\n\t\t\t\t<div class=\"elementor-widget-container\">\n\t\t\t\t\t\t\t\t\t\t\t\t\t\t\t<img fetchpriority=\"high\" decoding=\"async\" width=\"1920\" height=\"1281\" src=\"https:\/\/eliasik-law.com\/wp-content\/uploads\/2025\/02\/asian-man-holds-beer-bottle-while-is-driving-car_1150-18640.jpg\" class=\"attachment-full size-full wp-image-5006\" alt=\"Person in plaid shirt holds a green bottle while driving a black car with raindrops on the window.\" srcset=\"https:\/\/eliasik-law.com\/wp-content\/uploads\/2025\/02\/asian-man-holds-beer-bottle-while-is-driving-car_1150-18640.jpg 1920w, https:\/\/eliasik-law.com\/wp-content\/uploads\/2025\/02\/asian-man-holds-beer-bottle-while-is-driving-car_1150-18640-300x200.jpg 300w, https:\/\/eliasik-law.com\/wp-content\/uploads\/2025\/02\/asian-man-holds-beer-bottle-while-is-driving-car_1150-18640-1024x683.jpg 1024w, https:\/\/eliasik-law.com\/wp-content\/uploads\/2025\/02\/asian-man-holds-beer-bottle-while-is-driving-car_1150-18640-768x512.jpg 768w, https:\/\/eliasik-law.com\/wp-content\/uploads\/2025\/02\/asian-man-holds-beer-bottle-while-is-driving-car_1150-18640-1536x1025.jpg 1536w\" sizes=\"(max-width: 1920px) 100vw, 1920px\" \/>\t\t\t\t\t\t\t\t\t\t\t\t\t\t\t<\/div>\n\t\t\t\t<\/div>\n\t\t<div class=\"elementor-element elementor-element-56f0c3e e-con-full e-flex e-con e-child\" data-id=\"56f0c3e\" data-element_type=\"container\" data-e-type=\"container\" data-settings=\"{&quot;background_background&quot;:&quot;classic&quot;}\">\n\t\t\t\t<div class=\"elementor-element elementor-element-ba27210 elementor-widget elementor-widget-heading\" data-id=\"ba27210\" data-element_type=\"widget\" data-e-type=\"widget\" data-widget_type=\"heading.default\">\n\t\t\t\t<div class=\"elementor-widget-container\">\n\t\t\t\t\t<h5 class=\"elementor-heading-title elementor-size-default\">Evaluaci\u00f3n de los riesgos de beber y conducir en Chicago durante las fiestas<\/h5>\t\t\t\t<\/div>\n\t\t\t\t<\/div>\n\t\t\t\t<div class=\"elementor-element elementor-element-6130355 elementor-align-left elementor-widget elementor-widget-button\" data-id=\"6130355\" data-element_type=\"widget\" data-e-type=\"widget\" data-widget_type=\"button.default\">\n\t\t\t\t<div class=\"elementor-widget-container\">\n\t\t\t\t\t\t\t\t\t<div class=\"elementor-button-wrapper\">\n\t\t\t\t\t<a class=\"elementor-button elementor-button-link elementor-size-sm\" href=\"https:\/\/eliasik-law.com\/articles\/assessing-holiday-drinking-and-driving-risks-in-chicago\/\">\n\t\t\t\t\t\t<span class=\"elementor-button-content-wrapper\">\n\t\t\t\t\t\t<span class=\"elementor-button-icon\">\n\t\t\t\t<i aria-hidden=\"true\" class=\"fas fa-arrow-right\"><\/i>\t\t\t<\/span>\n\t\t\t\t\t\t\t\t\t<span class=\"elementor-button-text\">leer m\u00e1s<\/span>\n\t\t\t\t\t<\/span>\n\t\t\t\t\t<\/a>\n\t\t\t\t<\/div>\n\t\t\t\t\t\t\t\t<\/div>\n\t\t\t\t<\/div>\n\t\t\t\t<\/div>\n\t\t\t\t<\/div>\n\t\t<div class=\"elementor-element elementor-element-9eaeb01 e-con-full JE-accidents-blocks e-flex elementor-invisible e-con e-child\" data-id=\"9eaeb01\" data-element_type=\"container\" data-e-type=\"container\" data-settings=\"{&quot;background_background&quot;:&quot;classic&quot;,&quot;animation&quot;:&quot;fadeInUp&quot;,&quot;animation_delay&quot;:300}\">\n\t\t\t\t<div class=\"elementor-element elementor-element-59c8e74 elementor-widget elementor-widget-image\" data-id=\"59c8e74\" data-element_type=\"widget\" data-e-type=\"widget\" data-widget_type=\"image.default\">\n\t\t\t\t<div class=\"elementor-widget-container\">\n\t\t\t\t\t\t\t\t\t\t\t\t\t\t\t<img decoding=\"async\" width=\"1920\" height=\"1280\" src=\"https:\/\/eliasik-law.com\/wp-content\/uploads\/2025\/02\/frustrated-man-driving-car_231208-858.jpg\" class=\"attachment-full size-full wp-image-5005\" alt=\"Person in a blue car, wearing a gray shirt, has one hand on the steering wheel and the other on their forehead, expressing frustration or disbelief.\" srcset=\"https:\/\/eliasik-law.com\/wp-content\/uploads\/2025\/02\/frustrated-man-driving-car_231208-858.jpg 1920w, https:\/\/eliasik-law.com\/wp-content\/uploads\/2025\/02\/frustrated-man-driving-car_231208-858-300x200.jpg 300w, https:\/\/eliasik-law.com\/wp-content\/uploads\/2025\/02\/frustrated-man-driving-car_231208-858-1024x683.jpg 1024w, https:\/\/eliasik-law.com\/wp-content\/uploads\/2025\/02\/frustrated-man-driving-car_231208-858-768x512.jpg 768w, https:\/\/eliasik-law.com\/wp-content\/uploads\/2025\/02\/frustrated-man-driving-car_231208-858-1536x1024.jpg 1536w\" sizes=\"(max-width: 1920px) 100vw, 1920px\" \/>\t\t\t\t\t\t\t\t\t\t\t\t\t\t\t<\/div>\n\t\t\t\t<\/div>\n\t\t<div class=\"elementor-element elementor-element-ab3c65d e-con-full e-flex e-con e-child\" data-id=\"ab3c65d\" data-element_type=\"container\" data-e-type=\"container\" data-settings=\"{&quot;background_background&quot;:&quot;classic&quot;}\">\n\t\t\t\t<div class=\"elementor-element elementor-element-331550a elementor-widget elementor-widget-heading\" data-id=\"331550a\" data-element_type=\"widget\" data-e-type=\"widget\" data-widget_type=\"heading.default\">\n\t\t\t\t<div class=\"elementor-widget-container\">\n\t\t\t\t\t<h5 class=\"elementor-heading-title elementor-size-default\">Peatones de Chicago en riesgo de resultar heridos en accidentes de tr\u00e1fico<\/h5>\t\t\t\t<\/div>\n\t\t\t\t<\/div>\n\t\t\t\t<div class=\"elementor-element elementor-element-a48e307 elementor-align-left elementor-widget elementor-widget-button\" data-id=\"a48e307\" data-element_type=\"widget\" data-e-type=\"widget\" data-widget_type=\"button.default\">\n\t\t\t\t<div class=\"elementor-widget-container\">\n\t\t\t\t\t\t\t\t\t<div class=\"elementor-button-wrapper\">\n\t\t\t\t\t<a class=\"elementor-button elementor-button-link elementor-size-sm\" href=\"https:\/\/eliasik-law.com\/articles\/chicago-pedestrians-at-risk-of-being-injured-in-traffic-accidents\/\">\n\t\t\t\t\t\t<span class=\"elementor-button-content-wrapper\">\n\t\t\t\t\t\t<span class=\"elementor-button-icon\">\n\t\t\t\t<i aria-hidden=\"true\" class=\"fas fa-arrow-right\"><\/i>\t\t\t<\/span>\n\t\t\t\t\t\t\t\t\t<span class=\"elementor-button-text\">leer m\u00e1s<\/span>\n\t\t\t\t\t<\/span>\n\t\t\t\t\t<\/a>\n\t\t\t\t<\/div>\n\t\t\t\t\t\t\t\t<\/div>\n\t\t\t\t<\/div>\n\t\t\t\t<\/div>\n\t\t\t\t<\/div>\n\t\t<div class=\"elementor-element elementor-element-a862547 e-con-full JE-accidents-blocks e-flex elementor-invisible e-con e-child\" data-id=\"a862547\" data-element_type=\"container\" data-e-type=\"container\" data-settings=\"{&quot;background_background&quot;:&quot;classic&quot;,&quot;animation&quot;:&quot;fadeInUp&quot;,&quot;animation_delay&quot;:500}\">\n\t\t\t\t<div class=\"elementor-element elementor-element-87740c0 elementor-widget elementor-widget-image\" data-id=\"87740c0\" data-element_type=\"widget\" data-e-type=\"widget\" data-widget_type=\"image.default\">\n\t\t\t\t<div class=\"elementor-widget-container\">\n\t\t\t\t\t\t\t\t\t\t\t\t\t\t\t<img decoding=\"async\" width=\"1920\" height=\"1076\" src=\"https:\/\/eliasik-law.com\/wp-content\/uploads\/2016\/11\/motobike-accident.jpg\" class=\"attachment-full size-full wp-image-5037\" alt=\"Motorcycle lying on its side on a road surrounded by autumn leaves, with two helmets placed nearby.\" srcset=\"https:\/\/eliasik-law.com\/wp-content\/uploads\/2016\/11\/motobike-accident.jpg 1920w, https:\/\/eliasik-law.com\/wp-content\/uploads\/2016\/11\/motobike-accident-300x168.jpg 300w, https:\/\/eliasik-law.com\/wp-content\/uploads\/2016\/11\/motobike-accident-1024x574.jpg 1024w, https:\/\/eliasik-law.com\/wp-content\/uploads\/2016\/11\/motobike-accident-768x430.jpg 768w, https:\/\/eliasik-law.com\/wp-content\/uploads\/2016\/11\/motobike-accident-1536x861.jpg 1536w\" sizes=\"(max-width: 1920px) 100vw, 1920px\" \/>\t\t\t\t\t\t\t\t\t\t\t\t\t\t\t<\/div>\n\t\t\t\t<\/div>\n\t\t<div class=\"elementor-element elementor-element-9eba714 e-con-full e-flex e-con e-child\" data-id=\"9eba714\" data-element_type=\"container\" data-e-type=\"container\" data-settings=\"{&quot;background_background&quot;:&quot;classic&quot;}\">\n\t\t\t\t<div class=\"elementor-element elementor-element-18497b0 elementor-widget elementor-widget-heading\" data-id=\"18497b0\" data-element_type=\"widget\" data-e-type=\"widget\" data-widget_type=\"heading.default\">\n\t\t\t\t<div class=\"elementor-widget-container\">\n\t\t\t\t\t<h5 class=\"elementor-heading-title elementor-size-default\">Miles de heridos o muertos en accidentes de motocicleta en Illinois cada a\u00f1o<\/h5>\t\t\t\t<\/div>\n\t\t\t\t<\/div>\n\t\t\t\t<div class=\"elementor-element elementor-element-1d12724 elementor-align-left elementor-widget elementor-widget-button\" data-id=\"1d12724\" data-element_type=\"widget\" data-e-type=\"widget\" data-widget_type=\"button.default\">\n\t\t\t\t<div class=\"elementor-widget-container\">\n\t\t\t\t\t\t\t\t\t<div class=\"elementor-button-wrapper\">\n\t\t\t\t\t<a class=\"elementor-button elementor-button-link elementor-size-sm\" href=\"https:\/\/eliasik-law.com\/articles\/thousands-injured-or-killed-in-illinois-motorcycle-accidents-each-year\/\">\n\t\t\t\t\t\t<span class=\"elementor-button-content-wrapper\">\n\t\t\t\t\t\t<span class=\"elementor-button-icon\">\n\t\t\t\t<i aria-hidden=\"true\" class=\"fas fa-arrow-right\"><\/i>\t\t\t<\/span>\n\t\t\t\t\t\t\t\t\t<span class=\"elementor-button-text\">leer m\u00e1s<\/span>\n\t\t\t\t\t<\/span>\n\t\t\t\t\t<\/a>\n\t\t\t\t<\/div>\n\t\t\t\t\t\t\t\t<\/div>\n\t\t\t\t<\/div>\n\t\t\t\t<\/div>\n\t\t\t\t<\/div>\n\t\t\t\t<\/div>\n\t\t\t\t\t<\/div>\n\t\t\t\t<\/div>\n\t\t\t\t<\/div>\n\t\t","protected":false},"excerpt":{"rendered":"<p>Art\u00edculos Evaluaci\u00f3n de los riesgos de beber y conducir en Chicago durante las fiestas leer m\u00e1s Peatones de Chicago en riesgo de resultar heridos en accidentes de tr\u00e1fico leer m\u00e1s Miles de heridos o muertos en accidentes de motocicleta en Illinois cada a\u00f1o leer m\u00e1s<\/p>\n","protected":false},"author":2,"featured_media":0,"parent":0,"menu_order":0,"comment_status":"closed","ping_status":"closed","template":"elementor_header_footer","meta":{"footnotes":""},"class_list":["post-5288","page","type-page","status-publish","hentry"],"yoast_head":"<!-- This site is optimized with the Yoast SEO plugin v27.5 - https:\/\/yoast.com\/product\/yoast-seo-wordpress\/ -->\n<title>Art\u00edculos<\/title>\n<meta name=\"description\" content=\"\u00bfAbogado de lesiones personales en Chicago? \u00a1The Law Offices Of John S. Eliasik le ayuda, LLAME!\" \/>\n<meta name=\"robots\" content=\"index, follow, max-snippet:-1, max-image-preview:large, max-video-preview:-1\" \/>\n<link rel=\"canonical\" href=\"https:\/\/eliasik-law.com\/es\/articulos\/\" \/>\n<meta property=\"og:locale\" content=\"es_ES\" \/>\n<meta property=\"og:type\" content=\"article\" \/>\n<meta property=\"og:title\" content=\"Art\u00edculos\" \/>\n<meta property=\"og:description\" content=\"\u00bfAbogado de lesiones personales en Chicago? \u00a1The Law Offices Of John S. Eliasik le ayuda, LLAME!\" \/>\n<meta property=\"og:url\" content=\"https:\/\/eliasik-law.com\/es\/articulos\/\" \/>\n<meta property=\"og:site_name\" content=\"Ley de Eliasik\" \/>\n<meta property=\"article:modified_time\" content=\"2025-08-26T09:30:57+00:00\" \/>\n<meta property=\"og:image\" content=\"https:\/\/eliasik-law.com\/wp-content\/uploads\/2025\/02\/asian-man-holds-beer-bottle-while-is-driving-car_1150-18640.jpg\" \/>\n\t<meta property=\"og:image:width\" content=\"1920\" \/>\n\t<meta property=\"og:image:height\" content=\"1281\" \/>\n\t<meta property=\"og:image:type\" content=\"image\/jpeg\" \/>\n<script type=\"application\/ld+json\" class=\"yoast-schema-graph\">{\"@context\":\"https:\\\/\\\/schema.org\",\"@graph\":[{\"@type\":\"WebPage\",\"@id\":\"https:\\\/\\\/eliasik-law.com\\\/es\\\/articulos\\\/\",\"url\":\"https:\\\/\\\/eliasik-law.com\\\/es\\\/articulos\\\/\",\"name\":\"Art\u00edculos\",\"isPartOf\":{\"@id\":\"https:\\\/\\\/eliasik-law.com\\\/es\\\/#website\"},\"primaryImageOfPage\":{\"@id\":\"https:\\\/\\\/eliasik-law.com\\\/es\\\/articulos\\\/#primaryimage\"},\"image\":{\"@id\":\"https:\\\/\\\/eliasik-law.com\\\/es\\\/articulos\\\/#primaryimage\"},\"thumbnailUrl\":\"https:\\\/\\\/eliasik-law.com\\\/wp-content\\\/uploads\\\/2025\\\/02\\\/asian-man-holds-beer-bottle-while-is-driving-car_1150-18640.jpg\",\"datePublished\":\"2025-02-28T10:49:03+00:00\",\"dateModified\":\"2025-08-26T09:30:57+00:00\",\"description\":\"\u00bfAbogado de lesiones personales en Chicago? \u00a1The Law Offices Of John S. Eliasik le ayuda, LLAME!\",\"inLanguage\":\"es\",\"potentialAction\":[{\"@type\":\"ReadAction\",\"target\":[\"https:\\\/\\\/eliasik-law.com\\\/es\\\/articulos\\\/\"]}]},{\"@type\":\"ImageObject\",\"inLanguage\":\"es\",\"@id\":\"https:\\\/\\\/eliasik-law.com\\\/es\\\/articulos\\\/#primaryimage\",\"url\":\"https:\\\/\\\/eliasik-law.com\\\/wp-content\\\/uploads\\\/2025\\\/02\\\/asian-man-holds-beer-bottle-while-is-driving-car_1150-18640.jpg\",\"contentUrl\":\"https:\\\/\\\/eliasik-law.com\\\/wp-content\\\/uploads\\\/2025\\\/02\\\/asian-man-holds-beer-bottle-while-is-driving-car_1150-18640.jpg\"},{\"@type\":\"WebSite\",\"@id\":\"https:\\\/\\\/eliasik-law.com\\\/es\\\/#website\",\"url\":\"https:\\\/\\\/eliasik-law.com\\\/es\\\/\",\"name\":\"Ley de Eliasik\",\"description\":\"Abogados de lesiones personales en Chicago\",\"publisher\":{\"@id\":\"https:\\\/\\\/eliasik-law.com\\\/es\\\/#organization\"},\"potentialAction\":[{\"@type\":\"SearchAction\",\"target\":{\"@type\":\"EntryPoint\",\"urlTemplate\":\"https:\\\/\\\/eliasik-law.com\\\/es\\\/?s={search_term_string}\"},\"query-input\":{\"@type\":\"PropertyValueSpecification\",\"valueRequired\":true,\"valueName\":\"search_term_string\"}}],\"inLanguage\":\"es\"},{\"@type\":\"Organization\",\"@id\":\"https:\\\/\\\/eliasik-law.com\\\/es\\\/#organization\",\"name\":\"Las Oficinas Legales de John S. Eliasik\",\"url\":\"https:\\\/\\\/eliasik-law.com\\\/es\\\/\",\"logo\":{\"@type\":\"ImageObject\",\"inLanguage\":\"es\",\"@id\":\"https:\\\/\\\/eliasik-law.com\\\/es\\\/#\\\/schema\\\/logo\\\/image\\\/\",\"url\":\"https:\\\/\\\/eliasik-law.com\\\/wp-content\\\/uploads\\\/2023\\\/07\\\/eliasik-law-logo-2-e1679440521344-min.gif\",\"contentUrl\":\"https:\\\/\\\/eliasik-law.com\\\/wp-content\\\/uploads\\\/2023\\\/07\\\/eliasik-law-logo-2-e1679440521344-min.gif\",\"width\":550,\"height\":102,\"caption\":\"Las Oficinas Legales de John S. Eliasik\"},\"image\":{\"@id\":\"https:\\\/\\\/eliasik-law.com\\\/es\\\/#\\\/schema\\\/logo\\\/image\\\/\"}}]}<\/script>\n<!-- \/ Yoast SEO plugin. -->","yoast_head_json":{"title":"Art\u00edculos","description":"\u00bfAbogado de lesiones personales en Chicago? \u00a1The Law Offices Of John S. Eliasik le ayuda, LLAME!","robots":{"index":"index","follow":"follow","max-snippet":"max-snippet:-1","max-image-preview":"max-image-preview:large","max-video-preview":"max-video-preview:-1"},"canonical":"https:\/\/eliasik-law.com\/es\/articulos\/","og_locale":"es_ES","og_type":"article","og_title":"Art\u00edculos","og_description":"\u00bfAbogado de lesiones personales en Chicago? \u00a1The Law Offices Of John S. Eliasik le ayuda, LLAME!","og_url":"https:\/\/eliasik-law.com\/es\/articulos\/","og_site_name":"Ley de Eliasik","article_modified_time":"2025-08-26T09:30:57+00:00","og_image":[{"width":1920,"height":1281,"url":"https:\/\/eliasik-law.com\/wp-content\/uploads\/2025\/02\/asian-man-holds-beer-bottle-while-is-driving-car_1150-18640.jpg","type":"image\/jpeg"}],"schema":{"@context":"https:\/\/schema.org","@graph":[{"@type":"WebPage","@id":"https:\/\/eliasik-law.com\/es\/articulos\/","url":"https:\/\/eliasik-law.com\/es\/articulos\/","name":"Art\u00edculos","isPartOf":{"@id":"https:\/\/eliasik-law.com\/es\/#website"},"primaryImageOfPage":{"@id":"https:\/\/eliasik-law.com\/es\/articulos\/#primaryimage"},"image":{"@id":"https:\/\/eliasik-law.com\/es\/articulos\/#primaryimage"},"thumbnailUrl":"https:\/\/eliasik-law.com\/wp-content\/uploads\/2025\/02\/asian-man-holds-beer-bottle-while-is-driving-car_1150-18640.jpg","datePublished":"2025-02-28T10:49:03+00:00","dateModified":"2025-08-26T09:30:57+00:00","description":"\u00bfAbogado de lesiones personales en Chicago? \u00a1The Law Offices Of John S. Eliasik le ayuda, LLAME!","inLanguage":"es","potentialAction":[{"@type":"ReadAction","target":["https:\/\/eliasik-law.com\/es\/articulos\/"]}]},{"@type":"ImageObject","inLanguage":"es","@id":"https:\/\/eliasik-law.com\/es\/articulos\/#primaryimage","url":"https:\/\/eliasik-law.com\/wp-content\/uploads\/2025\/02\/asian-man-holds-beer-bottle-while-is-driving-car_1150-18640.jpg","contentUrl":"https:\/\/eliasik-law.com\/wp-content\/uploads\/2025\/02\/asian-man-holds-beer-bottle-while-is-driving-car_1150-18640.jpg"},{"@type":"WebSite","@id":"https:\/\/eliasik-law.com\/es\/#website","url":"https:\/\/eliasik-law.com\/es\/","name":"Ley de Eliasik","description":"Abogados de lesiones personales en Chicago","publisher":{"@id":"https:\/\/eliasik-law.com\/es\/#organization"},"potentialAction":[{"@type":"SearchAction","target":{"@type":"EntryPoint","urlTemplate":"https:\/\/eliasik-law.com\/es\/?s={search_term_string}"},"query-input":{"@type":"PropertyValueSpecification","valueRequired":true,"valueName":"search_term_string"}}],"inLanguage":"es"},{"@type":"Organization","@id":"https:\/\/eliasik-law.com\/es\/#organization","name":"Las Oficinas Legales de John S. Eliasik","url":"https:\/\/eliasik-law.com\/es\/","logo":{"@type":"ImageObject","inLanguage":"es","@id":"https:\/\/eliasik-law.com\/es\/#\/schema\/logo\/image\/","url":"https:\/\/eliasik-law.com\/wp-content\/uploads\/2023\/07\/eliasik-law-logo-2-e1679440521344-min.gif","contentUrl":"https:\/\/eliasik-law.com\/wp-content\/uploads\/2023\/07\/eliasik-law-logo-2-e1679440521344-min.gif","width":550,"height":102,"caption":"Las Oficinas Legales de John S. Eliasik"},"image":{"@id":"https:\/\/eliasik-law.com\/es\/#\/schema\/logo\/image\/"}}]}},"_links":{"self":[{"href":"https:\/\/eliasik-law.com\/es\/wp-json\/wp\/v2\/pages\/5288","targetHints":{"allow":["GET"]}}],"collection":[{"href":"https:\/\/eliasik-law.com\/es\/wp-json\/wp\/v2\/pages"}],"about":[{"href":"https:\/\/eliasik-law.com\/es\/wp-json\/wp\/v2\/types\/page"}],"author":[{"embeddable":true,"href":"https:\/\/eliasik-law.com\/es\/wp-json\/wp\/v2\/users\/2"}],"replies":[{"embeddable":true,"href":"https:\/\/eliasik-law.com\/es\/wp-json\/wp\/v2\/comments?post=5288"}],"version-history":[{"count":1,"href":"https:\/\/eliasik-law.com\/es\/wp-json\/wp\/v2\/pages\/5288\/revisions"}],"predecessor-version":[{"id":5289,"href":"https:\/\/eliasik-law.com\/es\/wp-json\/wp\/v2\/pages\/5288\/revisions\/5289"}],"wp:attachment":[{"href":"https:\/\/eliasik-law.com\/es\/wp-json\/wp\/v2\/media?parent=5288"}],"curies":[{"name":"wp","href":"https:\/\/api.w.org\/{rel}","templated":true}]}}