{"id":5331,"date":"2025-02-26T02:58:24","date_gmt":"2025-02-26T10:58:24","guid":{"rendered":"https:\/\/eliasik-law.com\/descargo-de-responsabilidad\/"},"modified":"2025-08-27T10:55:32","modified_gmt":"2025-08-27T17:55:32","slug":"descargo-de-responsabilidad","status":"publish","type":"page","link":"https:\/\/eliasik-law.com\/es\/descargo-de-responsabilidad\/","title":{"rendered":"Descargo de responsabilidad"},"content":{"rendered":"\t\t<div data-elementor-type=\"wp-page\" data-elementor-id=\"5331\" class=\"elementor elementor-5331 elementor-2703\" data-elementor-post-type=\"page\">\n\t\t\t\t<div class=\"elementor-element elementor-element-617daf6 e-flex e-con-boxed e-con e-parent\" data-id=\"617daf6\" data-element_type=\"container\" data-e-type=\"container\">\n\t\t\t\t\t<div class=\"e-con-inner\">\n\t\t<div class=\"elementor-element elementor-element-545817d e-con-full e-flex e-con e-child\" data-id=\"545817d\" data-element_type=\"container\" data-e-type=\"container\">\n\t\t<div class=\"elementor-element elementor-element-bb4b7d1 e-con-full e-flex e-con e-child\" data-id=\"bb4b7d1\" data-element_type=\"container\" data-e-type=\"container\">\n\t\t\t\t<div class=\"elementor-element elementor-element-f22bf23 elementor-widget elementor-widget-heading\" data-id=\"f22bf23\" data-element_type=\"widget\" data-e-type=\"widget\" data-widget_type=\"heading.default\">\n\t\t\t\t<div class=\"elementor-widget-container\">\n\t\t\t\t\t<h1 class=\"elementor-heading-title elementor-size-default\">Descargo de responsabilidad<\/h1>\t\t\t\t<\/div>\n\t\t\t\t<\/div>\n\t\t\t\t<\/div>\n\t\t\t\t<\/div>\n\t\t<div class=\"elementor-element elementor-element-ccdacf0 e-con-full JE-postContent e-flex e-con e-child\" data-id=\"ccdacf0\" data-element_type=\"container\" data-e-type=\"container\" data-settings=\"{&quot;background_background&quot;:&quot;classic&quot;}\">\n\t\t\t\t<div class=\"elementor-element elementor-element-58042ec elementor-widget elementor-widget-text-editor\" data-id=\"58042ec\" data-element_type=\"widget\" data-e-type=\"widget\" data-widget_type=\"text-editor.default\">\n\t\t\t\t<div class=\"elementor-widget-container\">\n\t\t\t\t\t\t\t\t\t<p>La informaci\u00f3n que obtiene en este sitio no es, ni pretende ser, asesoramiento legal. Debe consultar a un abogado para que le asesore sobre su situaci\u00f3n particular. Le invitamos a que se ponga en contacto con nosotros y agradecemos sus llamadas, cartas y correos electr\u00f3nicos. El hecho de ponerse en contacto con nosotros no crea una relaci\u00f3n abogado-cliente. No nos env\u00ede ninguna informaci\u00f3n confidencial hasta que se haya establecido una relaci\u00f3n abogado-cliente.    <\/p>\t\t\t\t\t\t\t\t<\/div>\n\t\t\t\t<\/div>\n\t\t\t\t<\/div>\n\t\t\t\t\t<\/div>\n\t\t\t\t<\/div>\n\t\t\t\t<\/div>\n\t\t","protected":false},"excerpt":{"rendered":"<p>Descargo de responsabilidad La informaci\u00f3n que obtiene en este sitio no es, ni pretende ser, asesoramiento legal. Debe consultar a un abogado para que le asesore sobre su situaci\u00f3n particular. Le invitamos a que se ponga en contacto con nosotros y agradecemos sus llamadas, cartas y correos electr\u00f3nicos. El hecho de ponerse en contacto con [&hellip;]<\/p>\n","protected":false},"author":2,"featured_media":0,"parent":0,"menu_order":0,"comment_status":"closed","ping_status":"closed","template":"elementor_header_footer","meta":{"footnotes":""},"class_list":["post-5331","page","type-page","status-publish","hentry"],"yoast_head":"<!-- This site is optimized with the Yoast SEO plugin v27.5 - https:\/\/yoast.com\/product\/yoast-seo-wordpress\/ -->\n<title>-<\/title>\n<meta name=\"robots\" content=\"index, follow, max-snippet:-1, max-image-preview:large, max-video-preview:-1\" \/>\n<link rel=\"canonical\" href=\"https:\/\/eliasik-law.com\/es\/descargo-de-responsabilidad\/\" \/>\n<meta property=\"og:locale\" content=\"es_ES\" \/>\n<meta property=\"og:type\" content=\"article\" \/>\n<meta property=\"og:title\" content=\"-\" \/>\n<meta property=\"og:description\" content=\"Descargo de responsabilidad La informaci\u00f3n que obtiene en este sitio no es, ni pretende ser, asesoramiento legal. Debe consultar a un abogado para que le asesore sobre su situaci\u00f3n particular. Le invitamos a que se ponga en contacto con nosotros y agradecemos sus llamadas, cartas y correos electr\u00f3nicos. El hecho de ponerse en contacto con [&hellip;]\" \/>\n<meta property=\"og:url\" content=\"https:\/\/eliasik-law.com\/es\/descargo-de-responsabilidad\/\" \/>\n<meta property=\"og:site_name\" content=\"Ley de Eliasik\" \/>\n<meta property=\"article:modified_time\" content=\"2025-08-27T17:55:32+00:00\" \/>\n<script type=\"application\/ld+json\" class=\"yoast-schema-graph\">{\"@context\":\"https:\\\/\\\/schema.org\",\"@graph\":[{\"@type\":\"WebPage\",\"@id\":\"https:\\\/\\\/eliasik-law.com\\\/es\\\/descargo-de-responsabilidad\\\/\",\"url\":\"https:\\\/\\\/eliasik-law.com\\\/es\\\/descargo-de-responsabilidad\\\/\",\"name\":\"-\",\"isPartOf\":{\"@id\":\"https:\\\/\\\/eliasik-law.com\\\/es\\\/#website\"},\"datePublished\":\"2025-02-26T10:58:24+00:00\",\"dateModified\":\"2025-08-27T17:55:32+00:00\",\"inLanguage\":\"es\",\"potentialAction\":[{\"@type\":\"ReadAction\",\"target\":[\"https:\\\/\\\/eliasik-law.com\\\/es\\\/descargo-de-responsabilidad\\\/\"]}]},{\"@type\":\"WebSite\",\"@id\":\"https:\\\/\\\/eliasik-law.com\\\/es\\\/#website\",\"url\":\"https:\\\/\\\/eliasik-law.com\\\/es\\\/\",\"name\":\"Ley de Eliasik\",\"description\":\"Abogados de lesiones personales en Chicago\",\"publisher\":{\"@id\":\"https:\\\/\\\/eliasik-law.com\\\/es\\\/#organization\"},\"potentialAction\":[{\"@type\":\"SearchAction\",\"target\":{\"@type\":\"EntryPoint\",\"urlTemplate\":\"https:\\\/\\\/eliasik-law.com\\\/es\\\/?s={search_term_string}\"},\"query-input\":{\"@type\":\"PropertyValueSpecification\",\"valueRequired\":true,\"valueName\":\"search_term_string\"}}],\"inLanguage\":\"es\"},{\"@type\":\"Organization\",\"@id\":\"https:\\\/\\\/eliasik-law.com\\\/es\\\/#organization\",\"name\":\"Las Oficinas Legales de John S. Eliasik\",\"url\":\"https:\\\/\\\/eliasik-law.com\\\/es\\\/\",\"logo\":{\"@type\":\"ImageObject\",\"inLanguage\":\"es\",\"@id\":\"https:\\\/\\\/eliasik-law.com\\\/es\\\/#\\\/schema\\\/logo\\\/image\\\/\",\"url\":\"https:\\\/\\\/eliasik-law.com\\\/wp-content\\\/uploads\\\/2023\\\/07\\\/eliasik-law-logo-2-e1679440521344-min.gif\",\"contentUrl\":\"https:\\\/\\\/eliasik-law.com\\\/wp-content\\\/uploads\\\/2023\\\/07\\\/eliasik-law-logo-2-e1679440521344-min.gif\",\"width\":550,\"height\":102,\"caption\":\"Las Oficinas Legales de John S. Eliasik\"},\"image\":{\"@id\":\"https:\\\/\\\/eliasik-law.com\\\/es\\\/#\\\/schema\\\/logo\\\/image\\\/\"}}]}<\/script>\n<!-- \/ Yoast SEO plugin. -->","yoast_head_json":{"title":"-","robots":{"index":"index","follow":"follow","max-snippet":"max-snippet:-1","max-image-preview":"max-image-preview:large","max-video-preview":"max-video-preview:-1"},"canonical":"https:\/\/eliasik-law.com\/es\/descargo-de-responsabilidad\/","og_locale":"es_ES","og_type":"article","og_title":"-","og_description":"Descargo de responsabilidad La informaci\u00f3n que obtiene en este sitio no es, ni pretende ser, asesoramiento legal. Debe consultar a un abogado para que le asesore sobre su situaci\u00f3n particular. Le invitamos a que se ponga en contacto con nosotros y agradecemos sus llamadas, cartas y correos electr\u00f3nicos. El hecho de ponerse en contacto con [&hellip;]","og_url":"https:\/\/eliasik-law.com\/es\/descargo-de-responsabilidad\/","og_site_name":"Ley de Eliasik","article_modified_time":"2025-08-27T17:55:32+00:00","schema":{"@context":"https:\/\/schema.org","@graph":[{"@type":"WebPage","@id":"https:\/\/eliasik-law.com\/es\/descargo-de-responsabilidad\/","url":"https:\/\/eliasik-law.com\/es\/descargo-de-responsabilidad\/","name":"-","isPartOf":{"@id":"https:\/\/eliasik-law.com\/es\/#website"},"datePublished":"2025-02-26T10:58:24+00:00","dateModified":"2025-08-27T17:55:32+00:00","inLanguage":"es","potentialAction":[{"@type":"ReadAction","target":["https:\/\/eliasik-law.com\/es\/descargo-de-responsabilidad\/"]}]},{"@type":"WebSite","@id":"https:\/\/eliasik-law.com\/es\/#website","url":"https:\/\/eliasik-law.com\/es\/","name":"Ley de Eliasik","description":"Abogados de lesiones personales en Chicago","publisher":{"@id":"https:\/\/eliasik-law.com\/es\/#organization"},"potentialAction":[{"@type":"SearchAction","target":{"@type":"EntryPoint","urlTemplate":"https:\/\/eliasik-law.com\/es\/?s={search_term_string}"},"query-input":{"@type":"PropertyValueSpecification","valueRequired":true,"valueName":"search_term_string"}}],"inLanguage":"es"},{"@type":"Organization","@id":"https:\/\/eliasik-law.com\/es\/#organization","name":"Las Oficinas Legales de John S. Eliasik","url":"https:\/\/eliasik-law.com\/es\/","logo":{"@type":"ImageObject","inLanguage":"es","@id":"https:\/\/eliasik-law.com\/es\/#\/schema\/logo\/image\/","url":"https:\/\/eliasik-law.com\/wp-content\/uploads\/2023\/07\/eliasik-law-logo-2-e1679440521344-min.gif","contentUrl":"https:\/\/eliasik-law.com\/wp-content\/uploads\/2023\/07\/eliasik-law-logo-2-e1679440521344-min.gif","width":550,"height":102,"caption":"Las Oficinas Legales de John S. Eliasik"},"image":{"@id":"https:\/\/eliasik-law.com\/es\/#\/schema\/logo\/image\/"}}]}},"_links":{"self":[{"href":"https:\/\/eliasik-law.com\/es\/wp-json\/wp\/v2\/pages\/5331","targetHints":{"allow":["GET"]}}],"collection":[{"href":"https:\/\/eliasik-law.com\/es\/wp-json\/wp\/v2\/pages"}],"about":[{"href":"https:\/\/eliasik-law.com\/es\/wp-json\/wp\/v2\/types\/page"}],"author":[{"embeddable":true,"href":"https:\/\/eliasik-law.com\/es\/wp-json\/wp\/v2\/users\/2"}],"replies":[{"embeddable":true,"href":"https:\/\/eliasik-law.com\/es\/wp-json\/wp\/v2\/comments?post=5331"}],"version-history":[{"count":1,"href":"https:\/\/eliasik-law.com\/es\/wp-json\/wp\/v2\/pages\/5331\/revisions"}],"predecessor-version":[{"id":5333,"href":"https:\/\/eliasik-law.com\/es\/wp-json\/wp\/v2\/pages\/5331\/revisions\/5333"}],"wp:attachment":[{"href":"https:\/\/eliasik-law.com\/es\/wp-json\/wp\/v2\/media?parent=5331"}],"curies":[{"name":"wp","href":"https:\/\/api.w.org\/{rel}","templated":true}]}}