{"id":5339,"date":"2025-02-27T01:12:04","date_gmt":"2025-02-27T09:12:04","guid":{"rendered":"https:\/\/eliasik-law.com\/articulos\/evaluacion-de-los-riesgos-de-beber-y-conducir-en-vacaciones-en-chicago\/"},"modified":"2025-08-27T10:55:33","modified_gmt":"2025-08-27T17:55:33","slug":"evaluacion-de-los-riesgos-de-beber-y-conducir-en-vacaciones-en-chicago","status":"publish","type":"page","link":"https:\/\/eliasik-law.com\/es\/articulos\/evaluacion-de-los-riesgos-de-beber-y-conducir-en-vacaciones-en-chicago\/","title":{"rendered":"Evaluaci\u00f3n de los riesgos de beber y conducir en vacaciones en Chicago"},"content":{"rendered":"\t\t<div data-elementor-type=\"wp-page\" data-elementor-id=\"5339\" class=\"elementor elementor-5339 elementor-3009\" data-elementor-post-type=\"page\">\n\t\t\t\t<div class=\"elementor-element elementor-element-44b9148 e-flex e-con-boxed e-con e-parent\" data-id=\"44b9148\" data-element_type=\"container\" data-e-type=\"container\">\n\t\t\t\t\t<div class=\"e-con-inner\">\n\t\t<div class=\"elementor-element elementor-element-0e0cda0 e-con-full e-flex e-con e-child\" data-id=\"0e0cda0\" data-element_type=\"container\" data-e-type=\"container\">\n\t\t<div class=\"elementor-element elementor-element-ec90154 e-con-full e-flex e-con e-child\" data-id=\"ec90154\" data-element_type=\"container\" data-e-type=\"container\">\n\t\t\t\t<div class=\"elementor-element elementor-element-68e5291 elementor-widget elementor-widget-theme-post-title elementor-page-title elementor-widget-heading\" data-id=\"68e5291\" data-element_type=\"widget\" data-e-type=\"widget\" data-widget_type=\"theme-post-title.default\">\n\t\t\t\t<div class=\"elementor-widget-container\">\n\t\t\t\t\t<h1 class=\"elementor-heading-title elementor-size-default\">Evaluaci\u00f3n de los riesgos de beber y conducir en vacaciones en Chicago<\/h1>\t\t\t\t<\/div>\n\t\t\t\t<\/div>\n\t\t\t\t<div class=\"elementor-element elementor-element-f45aace elementor-widget elementor-widget-theme-post-featured-image elementor-widget-image\" data-id=\"f45aace\" data-element_type=\"widget\" data-e-type=\"widget\" data-widget_type=\"theme-post-featured-image.default\">\n\t\t\t\t<div class=\"elementor-widget-container\">\n\t\t\t\t\t\t\t\t\t\t\t\t\t\t\t<img fetchpriority=\"high\" decoding=\"async\" width=\"1920\" height=\"1281\" src=\"https:\/\/eliasik-law.com\/wp-content\/uploads\/2025\/02\/asian-man-holds-beer-bottle-while-is-driving-car_1150-18640.jpg\" class=\"attachment-full size-full wp-image-5006\" alt=\"Person in plaid shirt holds a green bottle while driving a black car with raindrops on the window.\" srcset=\"https:\/\/eliasik-law.com\/wp-content\/uploads\/2025\/02\/asian-man-holds-beer-bottle-while-is-driving-car_1150-18640.jpg 1920w, https:\/\/eliasik-law.com\/wp-content\/uploads\/2025\/02\/asian-man-holds-beer-bottle-while-is-driving-car_1150-18640-300x200.jpg 300w, https:\/\/eliasik-law.com\/wp-content\/uploads\/2025\/02\/asian-man-holds-beer-bottle-while-is-driving-car_1150-18640-1024x683.jpg 1024w, https:\/\/eliasik-law.com\/wp-content\/uploads\/2025\/02\/asian-man-holds-beer-bottle-while-is-driving-car_1150-18640-768x512.jpg 768w, https:\/\/eliasik-law.com\/wp-content\/uploads\/2025\/02\/asian-man-holds-beer-bottle-while-is-driving-car_1150-18640-1536x1025.jpg 1536w\" sizes=\"(max-width: 1920px) 100vw, 1920px\" \/>\t\t\t\t\t\t\t\t\t\t\t\t\t\t\t<\/div>\n\t\t\t\t<\/div>\n\t\t\t\t<div class=\"elementor-element elementor-element-8f0efe2 elementor-align-center elementor-widget elementor-widget-post-info\" data-id=\"8f0efe2\" data-element_type=\"widget\" data-e-type=\"widget\" data-widget_type=\"post-info.default\">\n\t\t\t\t<div class=\"elementor-widget-container\">\n\t\t\t\t\t\t\t<ul class=\"elementor-inline-items elementor-icon-list-items elementor-post-info\">\n\t\t\t\t\t\t\t\t<li class=\"elementor-icon-list-item elementor-repeater-item-1044bf9 elementor-inline-item\" itemprop=\"datePublished\">\n\t\t\t\t\t\t<a href=\"https:\/\/eliasik-law.com\/es\/2025\/02\/27\/\">\n\t\t\t\t\t\t\t\t\t\t\t<span class=\"elementor-icon-list-icon\">\n\t\t\t\t\t\t\t\t<i aria-hidden=\"true\" class=\"fas fa-calendar\"><\/i>\t\t\t\t\t\t\t<\/span>\n\t\t\t\t\t\t\t\t\t<span class=\"elementor-icon-list-text elementor-post-info__item elementor-post-info__item--type-date\">\n\t\t\t\t\t\t\t\t\t\t<time>febrero 27, 2025<\/time>\t\t\t\t\t<\/span>\n\t\t\t\t\t\t\t\t\t<\/a>\n\t\t\t\t<\/li>\n\t\t\t\t<\/ul>\n\t\t\t\t\t\t<\/div>\n\t\t\t\t<\/div>\n\t\t\t\t<\/div>\n\t\t\t\t<\/div>\n\t\t<div class=\"elementor-element elementor-element-73d2041 e-con-full JE-postContent e-flex e-con e-child\" data-id=\"73d2041\" data-element_type=\"container\" data-e-type=\"container\" data-settings=\"{&quot;background_background&quot;:&quot;classic&quot;}\">\n\t\t\t\t<div class=\"elementor-element elementor-element-73dfcb1 elementor-widget elementor-widget-heading\" data-id=\"73dfcb1\" data-element_type=\"widget\" data-e-type=\"widget\" data-widget_type=\"heading.default\">\n\t\t\t\t<div class=\"elementor-widget-container\">\n\t\t\t\t\t<h2 class=\"elementor-heading-title elementor-size-default\">Evaluaci\u00f3n de los riesgos de beber y conducir en vacaciones en Chicago<\/h2>\t\t\t\t<\/div>\n\t\t\t\t<\/div>\n\t\t\t\t<div class=\"elementor-element elementor-element-9aab573 elementor-widget elementor-widget-text-editor\" data-id=\"9aab573\" data-element_type=\"widget\" data-e-type=\"widget\" data-widget_type=\"text-editor.default\">\n\t\t\t\t<div class=\"elementor-widget-container\">\n\t\t\t\t\t\t\t\t\tCada a\u00f1o se publican advertencias sobre los riesgos asociados con beber y conducir durante las vacaciones. Este a\u00f1o no es diferente y todos los residentes del \u00e1rea de Chicago deben tomarse el tiempo ahora para informarse sobre cu\u00e1n real es este riesgo en realidad. Un accidente que involucre a un conductor ebrio puede cambiar vidas en un instante al causar lesiones graves o incluso la muerte.  \t\t\t\t\t\t\t\t<\/div>\n\t\t\t\t<\/div>\n\t\t\t\t<div class=\"elementor-element elementor-element-8e0a78c elementor-widget elementor-widget-image\" data-id=\"8e0a78c\" data-element_type=\"widget\" data-e-type=\"widget\" data-widget_type=\"image.default\">\n\t\t\t\t<div class=\"elementor-widget-container\">\n\t\t\t\t\t\t\t\t\t\t\t\t\t\t\t<img decoding=\"async\" width=\"1920\" height=\"1280\" src=\"https:\/\/eliasik-law.com\/wp-content\/uploads\/2025\/02\/image-auto-accident-involving-two-cars_613910-7932.jpg\" class=\"attachment-full size-full wp-image-5007\" alt=\"Close-up of a car accident involving two vehicles. The front of a blue car is crumpled, having collided with the rear of a silver car. Both vehicles are visibly damaged.\" srcset=\"https:\/\/eliasik-law.com\/wp-content\/uploads\/2025\/02\/image-auto-accident-involving-two-cars_613910-7932.jpg 1920w, https:\/\/eliasik-law.com\/wp-content\/uploads\/2025\/02\/image-auto-accident-involving-two-cars_613910-7932-300x200.jpg 300w, https:\/\/eliasik-law.com\/wp-content\/uploads\/2025\/02\/image-auto-accident-involving-two-cars_613910-7932-1024x683.jpg 1024w, https:\/\/eliasik-law.com\/wp-content\/uploads\/2025\/02\/image-auto-accident-involving-two-cars_613910-7932-768x512.jpg 768w, https:\/\/eliasik-law.com\/wp-content\/uploads\/2025\/02\/image-auto-accident-involving-two-cars_613910-7932-1536x1024.jpg 1536w\" sizes=\"(max-width: 1920px) 100vw, 1920px\" \/>\t\t\t\t\t\t\t\t\t\t\t\t\t\t\t<\/div>\n\t\t\t\t<\/div>\n\t\t\t\t<div class=\"elementor-element elementor-element-648800e elementor-widget elementor-widget-heading\" data-id=\"648800e\" data-element_type=\"widget\" data-e-type=\"widget\" data-widget_type=\"heading.default\">\n\t\t\t\t<div class=\"elementor-widget-container\">\n\t\t\t\t\t<h2 class=\"elementor-heading-title elementor-size-default\">Tragedias navide\u00f1as<\/h2>\t\t\t\t<\/div>\n\t\t\t\t<\/div>\n\t\t\t\t<div class=\"elementor-element elementor-element-0675e5d elementor-widget elementor-widget-text-editor\" data-id=\"0675e5d\" data-element_type=\"widget\" data-e-type=\"widget\" data-widget_type=\"text-editor.default\">\n\t\t\t\t<div class=\"elementor-widget-container\">\n\t\t\t\t\t\t\t\t\t<p>En el sitio web CyberDriveIllinois.com, los datos muestran el riesgo de accidentes por conducir ebrio asociados con las fechas festivas de Acci\u00f3n de Gracias, Navidad y A\u00f1o Nuevo. En 2011, la mitad de todas las muertes en accidentes fatales durante el D\u00eda de Acci\u00f3n de Gracias se atribuyeron a la presencia de alcohol. Solo el cuatro de julio tuvo una tasa m\u00e1s alta de muertes por accidentes causados por conductores ebrios.  <\/p><p>Para Navidad y A\u00f1o Nuevo, el 38 y el 33 por ciento de todas las muertes vehiculares fueron el resultado de accidentes por conducir ebrio. Entre esas tres festividades de ese a\u00f1o, 12 personas perdieron la vida en Illinois debido a las acciones de conductores ebrios. <\/p><p>Los n\u00fameros de 2011 no son representativos de una nueva tendencia. Los archivos de la Administraci\u00f3n Nacional de Seguridad del Tr\u00e1fico en las Carreteras muestran un problema de larga data con el consumo de alcohol y la conducci\u00f3n en d\u00edas festivos. Al comparar 25 d\u00edas no festivos durante diciembre con d\u00edas festivos espec\u00edficos en el mismo mes durante un per\u00edodo que abarca de 2001 a 2005, se observa un aumento definido en las muertes atribuidas al consumo de alcohol y la conducci\u00f3n. Para los d\u00edas no festivos, el 28 por ciento de todas las muertes por accidentes involucraron alcohol. Para los d\u00edas festivos, el 40 por ciento de todas las muertes por accidentes involucraron alcohol.    <\/p><p>En diciembre de 2005, 34 personas murieron en accidentes por conducir ebrio por d\u00eda en promedio durante los d\u00edas no festivos. Durante los d\u00edas de Navidad, ese n\u00famero aument\u00f3 a 46 muertes por d\u00eda y durante los d\u00edas atribuidos al A\u00f1o Nuevo, 55 personas murieron en promedio por d\u00eda debido a accidentes por conducir ebrio. <\/p>\t\t\t\t\t\t\t\t<\/div>\n\t\t\t\t<\/div>\n\t\t\t\t<div class=\"elementor-element elementor-element-2695748 elementor-widget elementor-widget-heading\" data-id=\"2695748\" data-element_type=\"widget\" data-e-type=\"widget\" data-widget_type=\"heading.default\">\n\t\t\t\t<div class=\"elementor-widget-container\">\n\t\t\t\t\t<h2 class=\"elementor-heading-title elementor-size-default\">Illinois y la conducci\u00f3n en estado de ebriedad<\/h2>\t\t\t\t<\/div>\n\t\t\t\t<\/div>\n\t\t\t\t<div class=\"elementor-element elementor-element-d7d4ede elementor-widget elementor-widget-text-editor\" data-id=\"d7d4ede\" data-element_type=\"widget\" data-e-type=\"widget\" data-widget_type=\"text-editor.default\">\n\t\t\t\t<div class=\"elementor-widget-container\">\n\t\t\t\t\t\t\t\t\t<p>Los registros de Madres contra la conducci\u00f3n en estado de ebriedad muestran que el 34 por ciento de todas las muertes automovil\u00edsticas en 2012 en Illinois ocurrieron como resultado de accidentes por conducci\u00f3n en estado de ebriedad. Ese n\u00famero representa un aumento del 15 por ciento con respecto al a\u00f1o anterior. Las estad\u00edsticas de la NHTSA informan que de 956 muertes vehiculares totales en todo el estado en 2012, 321 involucraron alcohol. En el condado de Cook, 89 de 270 muertes de este tipo involucraron alcohol.   <\/p><p>Seg\u00fan CyberDriveIllinois.com, la tasa nacional de muertes vehiculares debido al alcohol en 2011 fue del 36 por ciento de todas las muertes. En Illinois, el n\u00famero fue mayor, con el 38 por ciento de todas las muertes por veh\u00edculos motorizados relacionadas con el alcohol. El sitio tambi\u00e9n indica que se realizan casi 39.000 arrestos por conducir ebrio en el estado cada a\u00f1o.  <\/p>\t\t\t\t\t\t\t\t<\/div>\n\t\t\t\t<\/div>\n\t\t\t\t<div class=\"elementor-element elementor-element-a5a60ca elementor-widget elementor-widget-heading\" data-id=\"a5a60ca\" data-element_type=\"widget\" data-e-type=\"widget\" data-widget_type=\"heading.default\">\n\t\t\t\t<div class=\"elementor-widget-container\">\n\t\t\t\t\t<h2 class=\"elementor-heading-title elementor-size-default\">La acci\u00f3n es importante<\/h2>\t\t\t\t<\/div>\n\t\t\t\t<\/div>\n\t\t\t\t<div class=\"elementor-element elementor-element-a90a0db elementor-widget elementor-widget-text-editor\" data-id=\"a90a0db\" data-element_type=\"widget\" data-e-type=\"widget\" data-widget_type=\"text-editor.default\">\n\t\t\t\t<div class=\"elementor-widget-container\">\n\t\t\t\t\t\t\t\t\t<p dir=\"ltr\">Los automovilistas y los miembros de la familia siempre deben estar dispuestos a buscar ayuda despu\u00e9s de cualquier accidente. Incluso si no hay muertes, la compensaci\u00f3n es necesaria y la ayuda legal es una forma importante de recibirla. <\/p>\t\t\t\t\t\t\t\t<\/div>\n\t\t\t\t<\/div>\n\t\t\t\t<\/div>\n\t\t\t\t\t<\/div>\n\t\t\t\t<\/div>\n\t\t\t\t<\/div>\n\t\t","protected":false},"excerpt":{"rendered":"<p>Evaluaci\u00f3n de los riesgos de beber y conducir en vacaciones en Chicago Cada a\u00f1o se publican advertencias sobre los riesgos asociados con beber y conducir durante las vacaciones. Este a\u00f1o no es diferente y todos los residentes del \u00e1rea de Chicago deben tomarse el tiempo ahora para informarse sobre cu\u00e1n real es este riesgo en [&hellip;]<\/p>\n","protected":false},"author":2,"featured_media":5006,"parent":5288,"menu_order":0,"comment_status":"closed","ping_status":"closed","template":"elementor_header_footer","meta":{"footnotes":""},"class_list":["post-5339","page","type-page","status-publish","has-post-thumbnail","hentry"],"yoast_head":"<!-- This site is optimized with the Yoast SEO plugin v27.3 - https:\/\/yoast.com\/product\/yoast-seo-wordpress\/ -->\n<title>-<\/title>\n<meta name=\"robots\" content=\"index, follow, max-snippet:-1, max-image-preview:large, max-video-preview:-1\" \/>\n<link rel=\"canonical\" href=\"https:\/\/eliasik-law.com\/es\/articulos\/evaluacion-de-los-riesgos-de-beber-y-conducir-en-vacaciones-en-chicago\/\" \/>\n<meta property=\"og:locale\" content=\"es_ES\" \/>\n<meta property=\"og:type\" content=\"article\" \/>\n<meta property=\"og:title\" content=\"-\" \/>\n<meta property=\"og:description\" content=\"Evaluaci\u00f3n de los riesgos de beber y conducir en vacaciones en Chicago Cada a\u00f1o se publican advertencias sobre los riesgos asociados con beber y conducir durante las vacaciones. Este a\u00f1o no es diferente y todos los residentes del \u00e1rea de Chicago deben tomarse el tiempo ahora para informarse sobre cu\u00e1n real es este riesgo en [&hellip;]\" \/>\n<meta property=\"og:url\" content=\"https:\/\/eliasik-law.com\/es\/articulos\/evaluacion-de-los-riesgos-de-beber-y-conducir-en-vacaciones-en-chicago\/\" \/>\n<meta property=\"og:site_name\" content=\"Ley de Eliasik\" \/>\n<meta property=\"article:modified_time\" content=\"2025-08-27T17:55:33+00:00\" \/>\n<meta property=\"og:image\" content=\"https:\/\/eliasik-law.com\/wp-content\/uploads\/2025\/02\/asian-man-holds-beer-bottle-while-is-driving-car_1150-18640.jpg\" \/>\n\t<meta property=\"og:image:width\" content=\"1920\" \/>\n\t<meta property=\"og:image:height\" content=\"1281\" \/>\n\t<meta property=\"og:image:type\" content=\"image\/jpeg\" \/>\n<meta name=\"twitter:label1\" content=\"Tiempo de lectura\" \/>\n\t<meta name=\"twitter:data1\" content=\"3 minutos\" \/>\n<script type=\"application\/ld+json\" class=\"yoast-schema-graph\">{\"@context\":\"https:\\\/\\\/schema.org\",\"@graph\":[{\"@type\":\"WebPage\",\"@id\":\"https:\\\/\\\/eliasik-law.com\\\/es\\\/articulos\\\/evaluacion-de-los-riesgos-de-beber-y-conducir-en-vacaciones-en-chicago\\\/\",\"url\":\"https:\\\/\\\/eliasik-law.com\\\/es\\\/articulos\\\/evaluacion-de-los-riesgos-de-beber-y-conducir-en-vacaciones-en-chicago\\\/\",\"name\":\"-\",\"isPartOf\":{\"@id\":\"https:\\\/\\\/eliasik-law.com\\\/es\\\/#website\"},\"primaryImageOfPage\":{\"@id\":\"https:\\\/\\\/eliasik-law.com\\\/es\\\/articulos\\\/evaluacion-de-los-riesgos-de-beber-y-conducir-en-vacaciones-en-chicago\\\/#primaryimage\"},\"image\":{\"@id\":\"https:\\\/\\\/eliasik-law.com\\\/es\\\/articulos\\\/evaluacion-de-los-riesgos-de-beber-y-conducir-en-vacaciones-en-chicago\\\/#primaryimage\"},\"thumbnailUrl\":\"https:\\\/\\\/eliasik-law.com\\\/wp-content\\\/uploads\\\/2025\\\/02\\\/asian-man-holds-beer-bottle-while-is-driving-car_1150-18640.jpg\",\"datePublished\":\"2025-02-27T09:12:04+00:00\",\"dateModified\":\"2025-08-27T17:55:33+00:00\",\"breadcrumb\":{\"@id\":\"https:\\\/\\\/eliasik-law.com\\\/es\\\/articulos\\\/evaluacion-de-los-riesgos-de-beber-y-conducir-en-vacaciones-en-chicago\\\/#breadcrumb\"},\"inLanguage\":\"es\",\"potentialAction\":[{\"@type\":\"ReadAction\",\"target\":[\"https:\\\/\\\/eliasik-law.com\\\/es\\\/articulos\\\/evaluacion-de-los-riesgos-de-beber-y-conducir-en-vacaciones-en-chicago\\\/\"]}]},{\"@type\":\"ImageObject\",\"inLanguage\":\"es\",\"@id\":\"https:\\\/\\\/eliasik-law.com\\\/es\\\/articulos\\\/evaluacion-de-los-riesgos-de-beber-y-conducir-en-vacaciones-en-chicago\\\/#primaryimage\",\"url\":\"https:\\\/\\\/eliasik-law.com\\\/wp-content\\\/uploads\\\/2025\\\/02\\\/asian-man-holds-beer-bottle-while-is-driving-car_1150-18640.jpg\",\"contentUrl\":\"https:\\\/\\\/eliasik-law.com\\\/wp-content\\\/uploads\\\/2025\\\/02\\\/asian-man-holds-beer-bottle-while-is-driving-car_1150-18640.jpg\",\"width\":1920,\"height\":1281,\"caption\":\"Person in plaid shirt holds a green bottle while driving a black car with raindrops on the window.\"},{\"@type\":\"BreadcrumbList\",\"@id\":\"https:\\\/\\\/eliasik-law.com\\\/es\\\/articulos\\\/evaluacion-de-los-riesgos-de-beber-y-conducir-en-vacaciones-en-chicago\\\/#breadcrumb\",\"itemListElement\":[{\"@type\":\"ListItem\",\"position\":1,\"name\":\"Art\u00edculos\",\"item\":\"https:\\\/\\\/eliasik-law.com\\\/es\\\/articulos\\\/\"},{\"@type\":\"ListItem\",\"position\":2,\"name\":\"Evaluaci\u00f3n de los riesgos de beber y conducir en vacaciones en Chicago\"}]},{\"@type\":\"WebSite\",\"@id\":\"https:\\\/\\\/eliasik-law.com\\\/es\\\/#website\",\"url\":\"https:\\\/\\\/eliasik-law.com\\\/es\\\/\",\"name\":\"Ley de Eliasik\",\"description\":\"Abogados de lesiones personales en Chicago\",\"publisher\":{\"@id\":\"https:\\\/\\\/eliasik-law.com\\\/es\\\/#organization\"},\"potentialAction\":[{\"@type\":\"SearchAction\",\"target\":{\"@type\":\"EntryPoint\",\"urlTemplate\":\"https:\\\/\\\/eliasik-law.com\\\/es\\\/?s={search_term_string}\"},\"query-input\":{\"@type\":\"PropertyValueSpecification\",\"valueRequired\":true,\"valueName\":\"search_term_string\"}}],\"inLanguage\":\"es\"},{\"@type\":\"Organization\",\"@id\":\"https:\\\/\\\/eliasik-law.com\\\/es\\\/#organization\",\"name\":\"Las Oficinas Legales de John S. Eliasik\",\"url\":\"https:\\\/\\\/eliasik-law.com\\\/es\\\/\",\"logo\":{\"@type\":\"ImageObject\",\"inLanguage\":\"es\",\"@id\":\"https:\\\/\\\/eliasik-law.com\\\/es\\\/#\\\/schema\\\/logo\\\/image\\\/\",\"url\":\"https:\\\/\\\/eliasik-law.com\\\/wp-content\\\/uploads\\\/2023\\\/07\\\/eliasik-law-logo-2-e1679440521344-min.gif\",\"contentUrl\":\"https:\\\/\\\/eliasik-law.com\\\/wp-content\\\/uploads\\\/2023\\\/07\\\/eliasik-law-logo-2-e1679440521344-min.gif\",\"width\":550,\"height\":102,\"caption\":\"Las Oficinas Legales de John S. Eliasik\"},\"image\":{\"@id\":\"https:\\\/\\\/eliasik-law.com\\\/es\\\/#\\\/schema\\\/logo\\\/image\\\/\"}}]}<\/script>\n<!-- \/ Yoast SEO plugin. -->","yoast_head_json":{"title":"-","robots":{"index":"index","follow":"follow","max-snippet":"max-snippet:-1","max-image-preview":"max-image-preview:large","max-video-preview":"max-video-preview:-1"},"canonical":"https:\/\/eliasik-law.com\/es\/articulos\/evaluacion-de-los-riesgos-de-beber-y-conducir-en-vacaciones-en-chicago\/","og_locale":"es_ES","og_type":"article","og_title":"-","og_description":"Evaluaci\u00f3n de los riesgos de beber y conducir en vacaciones en Chicago Cada a\u00f1o se publican advertencias sobre los riesgos asociados con beber y conducir durante las vacaciones. Este a\u00f1o no es diferente y todos los residentes del \u00e1rea de Chicago deben tomarse el tiempo ahora para informarse sobre cu\u00e1n real es este riesgo en [&hellip;]","og_url":"https:\/\/eliasik-law.com\/es\/articulos\/evaluacion-de-los-riesgos-de-beber-y-conducir-en-vacaciones-en-chicago\/","og_site_name":"Ley de Eliasik","article_modified_time":"2025-08-27T17:55:33+00:00","og_image":[{"width":1920,"height":1281,"url":"https:\/\/eliasik-law.com\/wp-content\/uploads\/2025\/02\/asian-man-holds-beer-bottle-while-is-driving-car_1150-18640.jpg","type":"image\/jpeg"}],"twitter_misc":{"Tiempo de lectura":"3 minutos"},"schema":{"@context":"https:\/\/schema.org","@graph":[{"@type":"WebPage","@id":"https:\/\/eliasik-law.com\/es\/articulos\/evaluacion-de-los-riesgos-de-beber-y-conducir-en-vacaciones-en-chicago\/","url":"https:\/\/eliasik-law.com\/es\/articulos\/evaluacion-de-los-riesgos-de-beber-y-conducir-en-vacaciones-en-chicago\/","name":"-","isPartOf":{"@id":"https:\/\/eliasik-law.com\/es\/#website"},"primaryImageOfPage":{"@id":"https:\/\/eliasik-law.com\/es\/articulos\/evaluacion-de-los-riesgos-de-beber-y-conducir-en-vacaciones-en-chicago\/#primaryimage"},"image":{"@id":"https:\/\/eliasik-law.com\/es\/articulos\/evaluacion-de-los-riesgos-de-beber-y-conducir-en-vacaciones-en-chicago\/#primaryimage"},"thumbnailUrl":"https:\/\/eliasik-law.com\/wp-content\/uploads\/2025\/02\/asian-man-holds-beer-bottle-while-is-driving-car_1150-18640.jpg","datePublished":"2025-02-27T09:12:04+00:00","dateModified":"2025-08-27T17:55:33+00:00","breadcrumb":{"@id":"https:\/\/eliasik-law.com\/es\/articulos\/evaluacion-de-los-riesgos-de-beber-y-conducir-en-vacaciones-en-chicago\/#breadcrumb"},"inLanguage":"es","potentialAction":[{"@type":"ReadAction","target":["https:\/\/eliasik-law.com\/es\/articulos\/evaluacion-de-los-riesgos-de-beber-y-conducir-en-vacaciones-en-chicago\/"]}]},{"@type":"ImageObject","inLanguage":"es","@id":"https:\/\/eliasik-law.com\/es\/articulos\/evaluacion-de-los-riesgos-de-beber-y-conducir-en-vacaciones-en-chicago\/#primaryimage","url":"https:\/\/eliasik-law.com\/wp-content\/uploads\/2025\/02\/asian-man-holds-beer-bottle-while-is-driving-car_1150-18640.jpg","contentUrl":"https:\/\/eliasik-law.com\/wp-content\/uploads\/2025\/02\/asian-man-holds-beer-bottle-while-is-driving-car_1150-18640.jpg","width":1920,"height":1281,"caption":"Person in plaid shirt holds a green bottle while driving a black car with raindrops on the window."},{"@type":"BreadcrumbList","@id":"https:\/\/eliasik-law.com\/es\/articulos\/evaluacion-de-los-riesgos-de-beber-y-conducir-en-vacaciones-en-chicago\/#breadcrumb","itemListElement":[{"@type":"ListItem","position":1,"name":"Art\u00edculos","item":"https:\/\/eliasik-law.com\/es\/articulos\/"},{"@type":"ListItem","position":2,"name":"Evaluaci\u00f3n de los riesgos de beber y conducir en vacaciones en Chicago"}]},{"@type":"WebSite","@id":"https:\/\/eliasik-law.com\/es\/#website","url":"https:\/\/eliasik-law.com\/es\/","name":"Ley de Eliasik","description":"Abogados de lesiones personales en Chicago","publisher":{"@id":"https:\/\/eliasik-law.com\/es\/#organization"},"potentialAction":[{"@type":"SearchAction","target":{"@type":"EntryPoint","urlTemplate":"https:\/\/eliasik-law.com\/es\/?s={search_term_string}"},"query-input":{"@type":"PropertyValueSpecification","valueRequired":true,"valueName":"search_term_string"}}],"inLanguage":"es"},{"@type":"Organization","@id":"https:\/\/eliasik-law.com\/es\/#organization","name":"Las Oficinas Legales de John S. Eliasik","url":"https:\/\/eliasik-law.com\/es\/","logo":{"@type":"ImageObject","inLanguage":"es","@id":"https:\/\/eliasik-law.com\/es\/#\/schema\/logo\/image\/","url":"https:\/\/eliasik-law.com\/wp-content\/uploads\/2023\/07\/eliasik-law-logo-2-e1679440521344-min.gif","contentUrl":"https:\/\/eliasik-law.com\/wp-content\/uploads\/2023\/07\/eliasik-law-logo-2-e1679440521344-min.gif","width":550,"height":102,"caption":"Las Oficinas Legales de John S. Eliasik"},"image":{"@id":"https:\/\/eliasik-law.com\/es\/#\/schema\/logo\/image\/"}}]}},"_links":{"self":[{"href":"https:\/\/eliasik-law.com\/es\/wp-json\/wp\/v2\/pages\/5339","targetHints":{"allow":["GET"]}}],"collection":[{"href":"https:\/\/eliasik-law.com\/es\/wp-json\/wp\/v2\/pages"}],"about":[{"href":"https:\/\/eliasik-law.com\/es\/wp-json\/wp\/v2\/types\/page"}],"author":[{"embeddable":true,"href":"https:\/\/eliasik-law.com\/es\/wp-json\/wp\/v2\/users\/2"}],"replies":[{"embeddable":true,"href":"https:\/\/eliasik-law.com\/es\/wp-json\/wp\/v2\/comments?post=5339"}],"version-history":[{"count":1,"href":"https:\/\/eliasik-law.com\/es\/wp-json\/wp\/v2\/pages\/5339\/revisions"}],"predecessor-version":[{"id":5342,"href":"https:\/\/eliasik-law.com\/es\/wp-json\/wp\/v2\/pages\/5339\/revisions\/5342"}],"up":[{"embeddable":true,"href":"https:\/\/eliasik-law.com\/es\/wp-json\/wp\/v2\/pages\/5288"}],"wp:featuredmedia":[{"embeddable":true,"href":"https:\/\/eliasik-law.com\/es\/wp-json\/wp\/v2\/media\/5006"}],"wp:attachment":[{"href":"https:\/\/eliasik-law.com\/es\/wp-json\/wp\/v2\/media?parent=5339"}],"curies":[{"name":"wp","href":"https:\/\/api.w.org\/{rel}","templated":true}]}}